{"id":1920,"date":"2026-03-31T11:29:54","date_gmt":"2026-03-31T09:29:54","guid":{"rendered":"https:\/\/helkasor.hu\/?page_id=1920"},"modified":"2026-04-15T13:56:15","modified_gmt":"2026-04-15T11:56:15","slug":"ajanljuk","status":"publish","type":"page","link":"https:\/\/helkasor.hu\/en\/ajanljuk\/","title":{"rendered":"Aj\u00e1nl\u00e1saink"},"content":{"rendered":"<div data-elementor-type=\"wp-page\" data-elementor-id=\"1920\" class=\"elementor elementor-1920\" data-elementor-post-type=\"page\">\n\t\t\t\t\t\t<section class=\"elementor-section elementor-top-section elementor-element elementor-element-6398851 elementor-section-boxed elementor-section-height-default elementor-section-height-default\" data-id=\"6398851\" data-element_type=\"section\" data-settings=\"{&quot;background_background&quot;:&quot;classic&quot;}\">\n\t\t\t\t\t\t<div class=\"elementor-container elementor-column-gap-default\">\n\t\t\t\t\t<div class=\"elementor-column elementor-col-100 elementor-top-column elementor-element elementor-element-a851163\" data-id=\"a851163\" data-element_type=\"column\">\n\t\t\t<div class=\"elementor-widget-wrap elementor-element-populated\">\n\t\t\t\t\t\t<div class=\"elementor-element elementor-element-a45a1ac elementor-widget elementor-widget-spacer\" data-id=\"a45a1ac\" data-element_type=\"widget\" data-widget_type=\"spacer.default\">\n\t\t\t\t<div class=\"elementor-widget-container\">\n\t\t\t<style>\/*! elementor - v3.22.0 - 26-06-2024 *\/\n.elementor-column .elementor-spacer-inner{height:var(--spacer-size)}.e-con{--container-widget-width:100%}.e-con-inner>.elementor-widget-spacer,.e-con>.elementor-widget-spacer{width:var(--container-widget-width,var(--spacer-size));--align-self:var(--container-widget-align-self,initial);--flex-shrink:0}.e-con-inner>.elementor-widget-spacer>.elementor-widget-container,.e-con>.elementor-widget-spacer>.elementor-widget-container{height:100%;width:100%}.e-con-inner>.elementor-widget-spacer>.elementor-widget-container>.elementor-spacer,.e-con>.elementor-widget-spacer>.elementor-widget-container>.elementor-spacer{height:100%}.e-con-inner>.elementor-widget-spacer>.elementor-widget-container>.elementor-spacer>.elementor-spacer-inner,.e-con>.elementor-widget-spacer>.elementor-widget-container>.elementor-spacer>.elementor-spacer-inner{height:var(--container-widget-height,var(--spacer-size))}.e-con-inner>.elementor-widget-spacer.elementor-widget-empty,.e-con>.elementor-widget-spacer.elementor-widget-empty{position:relative;min-height:22px;min-width:22px}.e-con-inner>.elementor-widget-spacer.elementor-widget-empty .elementor-widget-empty-icon,.e-con>.elementor-widget-spacer.elementor-widget-empty .elementor-widget-empty-icon{position:absolute;top:0;bottom:0;left:0;right:0;margin:auto;padding:0;width:22px;height:22px}<\/style>\t\t<div class=\"elementor-spacer\">\n\t\t\t<div class=\"elementor-spacer-inner\"><\/div>\n\t\t<\/div>\n\t\t\t\t<\/div>\n\t\t\t\t<\/div>\n\t\t\t\t<div class=\"elementor-element elementor-element-3b2255c elementor-widget elementor-widget-heading\" data-id=\"3b2255c\" data-element_type=\"widget\" data-widget_type=\"heading.default\">\n\t\t\t\t<div class=\"elementor-widget-container\">\n\t\t\t<style>\/*! elementor - v3.22.0 - 26-06-2024 *\/\n.elementor-heading-title{padding:0;margin:0;line-height:1}.elementor-widget-heading .elementor-heading-title[class*=elementor-size-]>a{color:inherit;font-size:inherit;line-height:inherit}.elementor-widget-heading .elementor-heading-title.elementor-size-small{font-size:15px}.elementor-widget-heading .elementor-heading-title.elementor-size-medium{font-size:19px}.elementor-widget-heading .elementor-heading-title.elementor-size-large{font-size:29px}.elementor-widget-heading .elementor-heading-title.elementor-size-xl{font-size:39px}.elementor-widget-heading .elementor-heading-title.elementor-size-xxl{font-size:59px}<\/style><h1 class=\"elementor-heading-title elementor-size-default\">Aj\u00e1nl\u00e1saink<\/h1>\t\t<\/div>\n\t\t\t\t<\/div>\n\t\t\t\t\t<\/div>\n\t\t<\/div>\n\t\t\t\t\t<\/div>\n\t\t<\/section>\n\t\t\t\t<section class=\"elementor-section elementor-top-section elementor-element elementor-element-c9d851c elementor-section-boxed elementor-section-height-default elementor-section-height-default\" data-id=\"c9d851c\" data-element_type=\"section\" data-settings=\"{&quot;background_background&quot;:&quot;classic&quot;}\">\n\t\t\t\t\t\t<div class=\"elementor-container elementor-column-gap-default\">\n\t\t\t\t\t<div class=\"elementor-column elementor-col-50 elementor-top-column elementor-element elementor-element-90d1409\" data-id=\"90d1409\" data-element_type=\"column\">\n\t\t\t<div class=\"elementor-widget-wrap elementor-element-populated\">\n\t\t\t\t\t\t<section class=\"elementor-section elementor-inner-section elementor-element elementor-element-9726b6d elementor-section-boxed elementor-section-height-default elementor-section-height-default\" data-id=\"9726b6d\" data-element_type=\"section\">\n\t\t\t\t\t\t<div class=\"elementor-container elementor-column-gap-default\">\n\t\t\t\t\t<div class=\"elementor-column elementor-col-100 elementor-inner-column elementor-element elementor-element-44671d1\" data-id=\"44671d1\" data-element_type=\"column\">\n\t\t\t<div class=\"elementor-widget-wrap elementor-element-populated\">\n\t\t\t\t\t\t<div class=\"elementor-element elementor-element-d11105b elementor-widget elementor-widget-heading\" data-id=\"d11105b\" data-element_type=\"widget\" data-widget_type=\"heading.default\">\n\t\t\t\t<div class=\"elementor-widget-container\">\n\t\t\t<h2 class=\"elementor-heading-title elementor-size-default\">Hotel Anna Villa<\/h2>\t\t<\/div>\n\t\t\t\t<\/div>\n\t\t\t\t<div class=\"elementor-element elementor-element-b3aaba1 elementor-widget elementor-widget-text-editor\" data-id=\"b3aaba1\" data-element_type=\"widget\" data-widget_type=\"text-editor.default\">\n\t\t\t\t<div class=\"elementor-widget-container\">\n\t\t\t<style>\/*! elementor - v3.22.0 - 26-06-2024 *\/\n.elementor-widget-text-editor.elementor-drop-cap-view-stacked .elementor-drop-cap{background-color:#69727d;color:#fff}.elementor-widget-text-editor.elementor-drop-cap-view-framed .elementor-drop-cap{color:#69727d;border:3px solid;background-color:transparent}.elementor-widget-text-editor:not(.elementor-drop-cap-view-default) .elementor-drop-cap{margin-top:8px}.elementor-widget-text-editor:not(.elementor-drop-cap-view-default) .elementor-drop-cap-letter{width:1em;height:1em}.elementor-widget-text-editor .elementor-drop-cap{float:left;text-align:center;line-height:1;font-size:50px}.elementor-widget-text-editor .elementor-drop-cap-letter{display:inline-block}<\/style>\t\t\t\t<p>A Hotel Anna Villa Balatonf\u00f6ldv\u00e1r sz\u00edv\u00e9ben, k\u00f6zvetlen\u00fcl a Balaton-partj\u00e1n v\u00e1rja vend\u00e9geit.\u00a0 A l\u00e9legzetel\u00e1ll\u00edt\u00f3 k\u00f6rnyezetben tal\u00e1lhat\u00f3 sz\u00e1llod\u00e1nk 25 szob\u00e1val b\u00fcszk\u00e9lkedik, ahol k\u00e9nyelmesen 85 f\u0151t tudunk elsz\u00e1ll\u00e1solni. A h\u00edres balatonf\u00f6ldv\u00e1ri szem\u00e9lyhaj\u00f3 \u00e9s jacht kik\u00f6t\u0151 a sz\u00e1llod\u00e1t\u00f3l p\u00e1r perc s\u00e9t\u00e1ra tal\u00e1lhat\u00f3.<\/p><p>B\u0151vebb inform\u00e1ci\u00f3:<a href=\"https:\/\/annavillahotel.hu\/\">\u00a0https:\/\/annavillahotel.hu\/<\/a><\/p>\t\t\t\t\t\t<\/div>\n\t\t\t\t<\/div>\n\t\t\t\t<div class=\"elementor-element elementor-element-64c57d0 elementor-widget elementor-widget-image\" data-id=\"64c57d0\" data-element_type=\"widget\" data-widget_type=\"image.default\">\n\t\t\t\t<div class=\"elementor-widget-container\">\n\t\t\t<style>\/*! elementor - v3.22.0 - 26-06-2024 *\/\n.elementor-widget-image{text-align:center}.elementor-widget-image a{display:inline-block}.elementor-widget-image a img[src$=\".svg\"]{width:48px}.elementor-widget-image img{vertical-align:middle;display:inline-block}<\/style>\t\t\t\t\t\t\t\t\t\t<img decoding=\"async\" src=\"https:\/\/helkasor.hu\/wp-content\/uploads\/elementor\/thumbs\/489837606_987120470195605_5260258817587325148_n-rlbgg0za4xlecgqvqdh715ev36729qgzssv2ibw360.jpg\" title=\"489837606_987120470195605_5260258817587325148_n\" alt=\"489837606_987120470195605_5260258817587325148_n\" loading=\"lazy\" \/>\t\t\t\t\t\t\t\t\t\t\t\t\t<\/div>\n\t\t\t\t<\/div>\n\t\t\t\t\t<\/div>\n\t\t<\/div>\n\t\t\t\t\t<\/div>\n\t\t<\/section>\n\t\t\t\t\t<\/div>\n\t\t<\/div>\n\t\t\t\t<div class=\"elementor-column elementor-col-50 elementor-top-column elementor-element elementor-element-ef93f25\" data-id=\"ef93f25\" data-element_type=\"column\">\n\t\t\t<div class=\"elementor-widget-wrap elementor-element-populated\">\n\t\t\t\t\t\t<section class=\"elementor-section elementor-inner-section elementor-element elementor-element-e1e8577 elementor-section-boxed elementor-section-height-default elementor-section-height-default\" data-id=\"e1e8577\" data-element_type=\"section\">\n\t\t\t\t\t\t<div class=\"elementor-container elementor-column-gap-default\">\n\t\t\t\t\t<div class=\"elementor-column elementor-col-100 elementor-inner-column elementor-element elementor-element-8a56e3a\" data-id=\"8a56e3a\" data-element_type=\"column\">\n\t\t\t<div class=\"elementor-widget-wrap elementor-element-populated\">\n\t\t\t\t\t\t<div class=\"elementor-element elementor-element-a940682 elementor-widget elementor-widget-heading\" data-id=\"a940682\" data-element_type=\"widget\" data-widget_type=\"heading.default\">\n\t\t\t\t<div class=\"elementor-widget-container\">\n\t\t\t<h2 class=\"elementor-heading-title elementor-size-default\">Bite &amp; Brew<\/h2>\t\t<\/div>\n\t\t\t\t<\/div>\n\t\t\t\t<div class=\"elementor-element elementor-element-d71e75d elementor-widget elementor-widget-text-editor\" data-id=\"d71e75d\" data-element_type=\"widget\" data-widget_type=\"text-editor.default\">\n\t\t\t\t<div class=\"elementor-widget-container\">\n\t\t\t\t\t\t\t<div id=\"v1replybody1\"><div id=\"v1v1replybody1\"><p style=\"text-align: left;\">A Bite&amp; Brew egy balatonf\u00f6ldv\u00e1ri \u00e9tterem a Balaton partj\u00e1n a Hotel Anna Villa \u00e9p\u00fclet\u00e9ben, ahol a laza hangulat tal\u00e1lkozik a min\u0151s\u00e9gi \u00e9telekkel.<\/p><p style=\"text-align: left;\">N\u00e1lunk a balatoni panor\u00e1ma, a naplement\u00e9k \u00e9s a j\u00f3l \u00f6sszerakott fog\u00e1sok adj\u00e1k az alapot egy igaz\u00e1n kellemes eb\u00e9dhez vagy vacsor\u00e1hoz.\u00a0 Egy ital a teraszon, egy j\u00f3 vacsora vagy csak egy meg\u00e1ll\u00f3 a nap v\u00e9g\u00e9n \u2013 a Bite&amp;Brew-ban mindig j\u00f3kor vagy j\u00f3 helyen.<\/p><\/div><\/div>\t\t\t\t\t\t<\/div>\n\t\t\t\t<\/div>\n\t\t\t\t\t<\/div>\n\t\t<\/div>\n\t\t\t\t\t<\/div>\n\t\t<\/section>\n\t\t\t\t<div class=\"elementor-element elementor-element-69a8a8e elementor-widget elementor-widget-image\" data-id=\"69a8a8e\" data-element_type=\"widget\" data-widget_type=\"image.default\">\n\t\t\t\t<div class=\"elementor-widget-container\">\n\t\t\t\t\t\t\t\t\t\t\t\t\t<img decoding=\"async\" src=\"https:\/\/helkasor.hu\/wp-content\/uploads\/elementor\/thumbs\/bitebrew_web-rlno7ovfxly598ddxp4ra32dk1xvft2v49f8364iyw.png\" title=\"bite&#038;brew_web\" alt=\"bite&amp;brew_web\" loading=\"lazy\" \/>\t\t\t\t\t\t\t\t\t\t\t\t\t<\/div>\n\t\t\t\t<\/div>\n\t\t\t\t\t<\/div>\n\t\t<\/div>\n\t\t\t\t\t<\/div>\n\t\t<\/section>\n\t\t\t\t<\/div>","protected":false},"excerpt":{"rendered":"<p>Aj\u00e1nl\u00e1saink Hotel Anna Villa A Hotel Anna Villa Balatonf\u00f6ldv\u00e1r sz\u00edv\u00e9ben, k\u00f6zvetlen\u00fcl a Balaton-partj\u00e1n v\u00e1rja vend\u00e9geit.\u00a0 A l\u00e9legzetel\u00e1ll\u00edt\u00f3 k\u00f6rnyezetben tal\u00e1lhat\u00f3 sz\u00e1llod\u00e1nk 25 szob\u00e1val b\u00fcszk\u00e9lkedik, ahol k\u00e9nyelmesen 85 f\u0151t tudunk elsz\u00e1ll\u00e1solni. A h\u00edres balatonf\u00f6ldv\u00e1ri szem\u00e9lyhaj\u00f3 \u00e9s jacht kik\u00f6t\u0151 a sz\u00e1llod\u00e1t\u00f3l p\u00e1r perc s\u00e9t\u00e1ra tal\u00e1lhat\u00f3. B\u0151vebb inform\u00e1ci\u00f3:\u00a0https:\/\/annavillahotel.hu\/ Bite &amp; Brew A Bite&amp; Brew egy balatonf\u00f6ldv\u00e1ri \u00e9tterem a Balaton [&hellip;]<\/p>","protected":false},"author":1,"featured_media":0,"parent":0,"menu_order":0,"comment_status":"closed","ping_status":"closed","template":"elementor_header_footer","meta":{"footnotes":""},"yoast_head":"<!-- This site is optimized with the Yoast SEO plugin v22.9 - https:\/\/yoast.com\/wordpress\/plugins\/seo\/ -->\n<title>Aj\u00e1nl\u00e1saink - Helka s\u00f6rf\u0151zde<\/title>\n<meta name=\"robots\" content=\"index, follow, max-snippet:-1, max-image-preview:large, max-video-preview:-1\" \/>\n<link rel=\"canonical\" href=\"https:\/\/helkasor.hu\/en\/ajanljuk\/\" \/>\n<meta property=\"og:locale\" content=\"en_GB\" \/>\n<meta property=\"og:type\" content=\"article\" \/>\n<meta property=\"og:title\" content=\"Aj\u00e1nl\u00e1saink - Helka s\u00f6rf\u0151zde\" \/>\n<meta property=\"og:description\" content=\"Aj\u00e1nl\u00e1saink Hotel Anna Villa A Hotel Anna Villa Balatonf\u00f6ldv\u00e1r sz\u00edv\u00e9ben, k\u00f6zvetlen\u00fcl a Balaton-partj\u00e1n v\u00e1rja vend\u00e9geit.\u00a0 A l\u00e9legzetel\u00e1ll\u00edt\u00f3 k\u00f6rnyezetben tal\u00e1lhat\u00f3 sz\u00e1llod\u00e1nk 25 szob\u00e1val b\u00fcszk\u00e9lkedik, ahol k\u00e9nyelmesen 85 f\u0151t tudunk elsz\u00e1ll\u00e1solni. A h\u00edres balatonf\u00f6ldv\u00e1ri szem\u00e9lyhaj\u00f3 \u00e9s jacht kik\u00f6t\u0151 a sz\u00e1llod\u00e1t\u00f3l p\u00e1r perc s\u00e9t\u00e1ra tal\u00e1lhat\u00f3. B\u0151vebb inform\u00e1ci\u00f3:\u00a0https:\/\/annavillahotel.hu\/ Bite &amp; Brew A Bite&amp; Brew egy balatonf\u00f6ldv\u00e1ri \u00e9tterem a Balaton [&hellip;]\" \/>\n<meta property=\"og:url\" content=\"https:\/\/helkasor.hu\/en\/ajanljuk\/\" \/>\n<meta property=\"og:site_name\" content=\"Helka s\u00f6rf\u0151zde\" \/>\n<meta property=\"article:publisher\" content=\"https:\/\/www.facebook.com\/helkasorfozde\" \/>\n<meta property=\"article:modified_time\" content=\"2026-04-15T11:56:15+00:00\" \/>\n<meta property=\"og:image\" content=\"https:\/\/helkasor.hu\/wp-content\/uploads\/elementor\/thumbs\/489837606_987120470195605_5260258817587325148_n-rlbgg0za4xlecgqvqdh715ev36729qgzssv2ibw360.jpg\" \/>\n<meta name=\"twitter:card\" content=\"summary_large_image\" \/>\n<meta name=\"twitter:label1\" content=\"Estimated reading time\" \/>\n\t<meta name=\"twitter:data1\" content=\"2 minutes\" \/>\n<script type=\"application\/ld+json\" class=\"yoast-schema-graph\">{\"@context\":\"https:\/\/schema.org\",\"@graph\":[{\"@type\":\"WebPage\",\"@id\":\"https:\/\/helkasor.hu\/ajanljuk\/\",\"url\":\"https:\/\/helkasor.hu\/ajanljuk\/\",\"name\":\"Aj\u00e1nl\u00e1saink - Helka s\u00f6rf\u0151zde\",\"isPartOf\":{\"@id\":\"https:\/\/helkasor.hu\/#website\"},\"primaryImageOfPage\":{\"@id\":\"https:\/\/helkasor.hu\/ajanljuk\/#primaryimage\"},\"image\":{\"@id\":\"https:\/\/helkasor.hu\/ajanljuk\/#primaryimage\"},\"thumbnailUrl\":\"https:\/\/helkasor.hu\/wp-content\/uploads\/elementor\/thumbs\/489837606_987120470195605_5260258817587325148_n-rlbgg0za4xlecgqvqdh715ev36729qgzssv2ibw360.jpg\",\"datePublished\":\"2026-03-31T09:29:54+00:00\",\"dateModified\":\"2026-04-15T11:56:15+00:00\",\"breadcrumb\":{\"@id\":\"https:\/\/helkasor.hu\/ajanljuk\/#breadcrumb\"},\"inLanguage\":\"en-GB\",\"potentialAction\":[{\"@type\":\"ReadAction\",\"target\":[\"https:\/\/helkasor.hu\/ajanljuk\/\"]}]},{\"@type\":\"ImageObject\",\"inLanguage\":\"en-GB\",\"@id\":\"https:\/\/helkasor.hu\/ajanljuk\/#primaryimage\",\"url\":\"https:\/\/helkasor.hu\/wp-content\/uploads\/elementor\/thumbs\/489837606_987120470195605_5260258817587325148_n-rlbgg0za4xlecgqvqdh715ev36729qgzssv2ibw360.jpg\",\"contentUrl\":\"https:\/\/helkasor.hu\/wp-content\/uploads\/elementor\/thumbs\/489837606_987120470195605_5260258817587325148_n-rlbgg0za4xlecgqvqdh715ev36729qgzssv2ibw360.jpg\"},{\"@type\":\"BreadcrumbList\",\"@id\":\"https:\/\/helkasor.hu\/ajanljuk\/#breadcrumb\",\"itemListElement\":[{\"@type\":\"ListItem\",\"position\":1,\"name\":\"Kezd\u0151lap\",\"item\":\"https:\/\/helkasor.hu\/\"},{\"@type\":\"ListItem\",\"position\":2,\"name\":\"Aj\u00e1nl\u00e1saink\"}]},{\"@type\":\"WebSite\",\"@id\":\"https:\/\/helkasor.hu\/#website\",\"url\":\"https:\/\/helkasor.hu\/\",\"name\":\"Helka S\u00f6rf\u0151zde\",\"description\":\"Kis\u00fczemi s\u00f6r a Balaton k\u00f6r\u00fcl\",\"publisher\":{\"@id\":\"https:\/\/helkasor.hu\/#organization\"},\"potentialAction\":[{\"@type\":\"SearchAction\",\"target\":{\"@type\":\"EntryPoint\",\"urlTemplate\":\"https:\/\/helkasor.hu\/?s={search_term_string}\"},\"query-input\":\"required name=search_term_string\"}],\"inLanguage\":\"en-GB\"},{\"@type\":\"Organization\",\"@id\":\"https:\/\/helkasor.hu\/#organization\",\"name\":\"Helka s\u00f6rf\u0151zde\",\"url\":\"https:\/\/helkasor.hu\/\",\"logo\":{\"@type\":\"ImageObject\",\"inLanguage\":\"en-GB\",\"@id\":\"https:\/\/helkasor.hu\/#\/schema\/logo\/image\/\",\"url\":\"https:\/\/helkasor.hu\/wp-content\/uploads\/2022\/05\/Helka-sorfozde-logo-kek.svg\",\"contentUrl\":\"https:\/\/helkasor.hu\/wp-content\/uploads\/2022\/05\/Helka-sorfozde-logo-kek.svg\",\"width\":1,\"height\":1,\"caption\":\"Helka s\u00f6rf\u0151zde\"},\"image\":{\"@id\":\"https:\/\/helkasor.hu\/#\/schema\/logo\/image\/\"},\"sameAs\":[\"https:\/\/www.facebook.com\/helkasorfozde\",\"https:\/\/www.instagram.com\/helkabrewery\/\"]}]}<\/script>\n<!-- \/ Yoast SEO plugin. -->","yoast_head_json":{"title":"Aj\u00e1nl\u00e1saink - Helka s\u00f6rf\u0151zde","robots":{"index":"index","follow":"follow","max-snippet":"max-snippet:-1","max-image-preview":"max-image-preview:large","max-video-preview":"max-video-preview:-1"},"canonical":"https:\/\/helkasor.hu\/en\/ajanljuk\/","og_locale":"en_GB","og_type":"article","og_title":"Aj\u00e1nl\u00e1saink - Helka s\u00f6rf\u0151zde","og_description":"Aj\u00e1nl\u00e1saink Hotel Anna Villa A Hotel Anna Villa Balatonf\u00f6ldv\u00e1r sz\u00edv\u00e9ben, k\u00f6zvetlen\u00fcl a Balaton-partj\u00e1n v\u00e1rja vend\u00e9geit.\u00a0 A l\u00e9legzetel\u00e1ll\u00edt\u00f3 k\u00f6rnyezetben tal\u00e1lhat\u00f3 sz\u00e1llod\u00e1nk 25 szob\u00e1val b\u00fcszk\u00e9lkedik, ahol k\u00e9nyelmesen 85 f\u0151t tudunk elsz\u00e1ll\u00e1solni. A h\u00edres balatonf\u00f6ldv\u00e1ri szem\u00e9lyhaj\u00f3 \u00e9s jacht kik\u00f6t\u0151 a sz\u00e1llod\u00e1t\u00f3l p\u00e1r perc s\u00e9t\u00e1ra tal\u00e1lhat\u00f3. B\u0151vebb inform\u00e1ci\u00f3:\u00a0https:\/\/annavillahotel.hu\/ Bite &amp; Brew A Bite&amp; Brew egy balatonf\u00f6ldv\u00e1ri \u00e9tterem a Balaton [&hellip;]","og_url":"https:\/\/helkasor.hu\/en\/ajanljuk\/","og_site_name":"Helka s\u00f6rf\u0151zde","article_publisher":"https:\/\/www.facebook.com\/helkasorfozde","article_modified_time":"2026-04-15T11:56:15+00:00","og_image":[{"url":"https:\/\/helkasor.hu\/wp-content\/uploads\/elementor\/thumbs\/489837606_987120470195605_5260258817587325148_n-rlbgg0za4xlecgqvqdh715ev36729qgzssv2ibw360.jpg"}],"twitter_card":"summary_large_image","twitter_misc":{"Estimated reading time":"2 minutes"},"schema":{"@context":"https:\/\/schema.org","@graph":[{"@type":"WebPage","@id":"https:\/\/helkasor.hu\/ajanljuk\/","url":"https:\/\/helkasor.hu\/ajanljuk\/","name":"Aj\u00e1nl\u00e1saink - Helka s\u00f6rf\u0151zde","isPartOf":{"@id":"https:\/\/helkasor.hu\/#website"},"primaryImageOfPage":{"@id":"https:\/\/helkasor.hu\/ajanljuk\/#primaryimage"},"image":{"@id":"https:\/\/helkasor.hu\/ajanljuk\/#primaryimage"},"thumbnailUrl":"https:\/\/helkasor.hu\/wp-content\/uploads\/elementor\/thumbs\/489837606_987120470195605_5260258817587325148_n-rlbgg0za4xlecgqvqdh715ev36729qgzssv2ibw360.jpg","datePublished":"2026-03-31T09:29:54+00:00","dateModified":"2026-04-15T11:56:15+00:00","breadcrumb":{"@id":"https:\/\/helkasor.hu\/ajanljuk\/#breadcrumb"},"inLanguage":"en-GB","potentialAction":[{"@type":"ReadAction","target":["https:\/\/helkasor.hu\/ajanljuk\/"]}]},{"@type":"ImageObject","inLanguage":"en-GB","@id":"https:\/\/helkasor.hu\/ajanljuk\/#primaryimage","url":"https:\/\/helkasor.hu\/wp-content\/uploads\/elementor\/thumbs\/489837606_987120470195605_5260258817587325148_n-rlbgg0za4xlecgqvqdh715ev36729qgzssv2ibw360.jpg","contentUrl":"https:\/\/helkasor.hu\/wp-content\/uploads\/elementor\/thumbs\/489837606_987120470195605_5260258817587325148_n-rlbgg0za4xlecgqvqdh715ev36729qgzssv2ibw360.jpg"},{"@type":"BreadcrumbList","@id":"https:\/\/helkasor.hu\/ajanljuk\/#breadcrumb","itemListElement":[{"@type":"ListItem","position":1,"name":"Kezd\u0151lap","item":"https:\/\/helkasor.hu\/"},{"@type":"ListItem","position":2,"name":"Aj\u00e1nl\u00e1saink"}]},{"@type":"WebSite","@id":"https:\/\/helkasor.hu\/#website","url":"https:\/\/helkasor.hu\/","name":"Helka S\u00f6rf\u0151zde","description":"Kis\u00fczemi s\u00f6r a Balaton k\u00f6r\u00fcl","publisher":{"@id":"https:\/\/helkasor.hu\/#organization"},"potentialAction":[{"@type":"SearchAction","target":{"@type":"EntryPoint","urlTemplate":"https:\/\/helkasor.hu\/?s={search_term_string}"},"query-input":"required name=search_term_string"}],"inLanguage":"en-GB"},{"@type":"Organization","@id":"https:\/\/helkasor.hu\/#organization","name":"Helka brewery","url":"https:\/\/helkasor.hu\/","logo":{"@type":"ImageObject","inLanguage":"en-GB","@id":"https:\/\/helkasor.hu\/#\/schema\/logo\/image\/","url":"https:\/\/helkasor.hu\/wp-content\/uploads\/2022\/05\/Helka-sorfozde-logo-kek.svg","contentUrl":"https:\/\/helkasor.hu\/wp-content\/uploads\/2022\/05\/Helka-sorfozde-logo-kek.svg","width":1,"height":1,"caption":"Helka s\u00f6rf\u0151zde"},"image":{"@id":"https:\/\/helkasor.hu\/#\/schema\/logo\/image\/"},"sameAs":["https:\/\/www.facebook.com\/helkasorfozde","https:\/\/www.instagram.com\/helkabrewery\/"]}]}},"_links":{"self":[{"href":"https:\/\/helkasor.hu\/en\/wp-json\/wp\/v2\/pages\/1920"}],"collection":[{"href":"https:\/\/helkasor.hu\/en\/wp-json\/wp\/v2\/pages"}],"about":[{"href":"https:\/\/helkasor.hu\/en\/wp-json\/wp\/v2\/types\/page"}],"author":[{"embeddable":true,"href":"https:\/\/helkasor.hu\/en\/wp-json\/wp\/v2\/users\/1"}],"replies":[{"embeddable":true,"href":"https:\/\/helkasor.hu\/en\/wp-json\/wp\/v2\/comments?post=1920"}],"version-history":[{"count":20,"href":"https:\/\/helkasor.hu\/en\/wp-json\/wp\/v2\/pages\/1920\/revisions"}],"predecessor-version":[{"id":1968,"href":"https:\/\/helkasor.hu\/en\/wp-json\/wp\/v2\/pages\/1920\/revisions\/1968"}],"wp:attachment":[{"href":"https:\/\/helkasor.hu\/en\/wp-json\/wp\/v2\/media?parent=1920"}],"curies":[{"name":"wp","href":"https:\/\/api.w.org\/{rel}","templated":true}]}}