{"id":1590,"date":"2025-06-30T15:18:07","date_gmt":"2025-06-30T13:18:07","guid":{"rendered":"https:\/\/helkasor.hu\/?post_type=product&#038;p=1590"},"modified":"2025-12-11T22:07:44","modified_gmt":"2025-12-11T20:07:44","slug":"kituzok-1db-helka-x-lilpin-helka-feher","status":"publish","type":"product","link":"https:\/\/helkasor.hu\/en\/product\/kituzok-1db-helka-x-lilpin-helka-feher\/","title":{"rendered":"Kit\u0171z\u0151k 1db Helka x lil\u2019pin Helka feh\u00e9r"},"content":{"rendered":"<div dir=\"auto\">S\u00f6r\u00f6k, Balaton, lil\u2019pin kit\u0171z\u0151k, mi kell m\u00e9g?!\u00a0<span class=\"html-span xexx8yu x4uap5 x18d9i69 xkhd6sd x1hl2dhg x16tdsg8 x1vvkbs x3nfvp2 x1j61x8r x1fcty0u xdj266r xat24cr xgzva0m xhhsvwb xxymvpz xlup9mm x1kky2od\"><img decoding=\"async\" class=\"xz74otr x168nmei x13lgxp2 x5pf9jr xo71vjh\" src=\"https:\/\/static.xx.fbcdn.net\/images\/emoji.php\/v9\/t2\/1\/16\/1f60d.png\" alt=\"\ud83d\ude0d\" width=\"16\" height=\"16\" \/><\/span><span class=\"html-span xexx8yu x4uap5 x18d9i69 xkhd6sd x1hl2dhg x16tdsg8 x1vvkbs x3nfvp2 x1j61x8r x1fcty0u xdj266r xat24cr xgzva0m xhhsvwb xxymvpz xlup9mm x1kky2od\"><img decoding=\"async\" class=\"xz74otr x168nmei x13lgxp2 x5pf9jr xo71vjh\" src=\"https:\/\/static.xx.fbcdn.net\/images\/emoji.php\/v9\/t38\/1\/16\/1f918.png\" alt=\"\ud83e\udd18\" width=\"16\" height=\"16\" \/><\/span><\/div>\n<div dir=\"auto\">Na ugye.<\/div>","protected":false},"excerpt":{"rendered":"<p>Ha egyedi, balatoni \u00e9s vag\u00e1ny akkor a Helk\u00e1ban a helye. D\u00f3ri azaz Lil\u2019pin \u00e9s\/vagy Betonka csod\u00e1latos alkot\u00e1sai m\u00e1r Helka b\u0151rbe b\u00fajva el\u00e9rhet\u0151ek. Figyelem, limit\u00e1lt a k\u00e9szlet, csapj le r\u00e1!<\/p>","protected":false},"featured_media":1572,"comment_status":"open","ping_status":"closed","template":"","meta":[],"product_cat":[23],"product_tag":[],"yoast_head":"<!-- This site is optimized with the Yoast SEO plugin v22.9 - https:\/\/yoast.com\/wordpress\/plugins\/seo\/ -->\n<title>Kit\u0171z\u0151k 1db Helka x lil\u2019pin Helka feh\u00e9r - Helka s\u00f6rf\u0151zde<\/title>\n<meta name=\"robots\" content=\"index, follow, max-snippet:-1, max-image-preview:large, max-video-preview:-1\" \/>\n<link rel=\"canonical\" href=\"https:\/\/helkasor.hu\/en\/product\/kituzok-1db-helka-x-lilpin-helka-feher\/\" \/>\n<meta property=\"og:locale\" content=\"en_GB\" \/>\n<meta property=\"og:type\" content=\"article\" \/>\n<meta property=\"og:title\" content=\"Kit\u0171z\u0151k 1db Helka x lil\u2019pin Helka feh\u00e9r - Helka s\u00f6rf\u0151zde\" \/>\n<meta property=\"og:description\" content=\"Ha egyedi, balatoni \u00e9s vag\u00e1ny akkor a Helk\u00e1ban a helye. D\u00f3ri azaz Lil\u2019pin \u00e9s\/vagy Betonka csod\u00e1latos alkot\u00e1sai m\u00e1r Helka b\u0151rbe b\u00fajva el\u00e9rhet\u0151ek. Figyelem, limit\u00e1lt a k\u00e9szlet, csapj le r\u00e1!\" \/>\n<meta property=\"og:url\" content=\"https:\/\/helkasor.hu\/en\/product\/kituzok-1db-helka-x-lilpin-helka-feher\/\" \/>\n<meta property=\"og:site_name\" content=\"Helka s\u00f6rf\u0151zde\" \/>\n<meta property=\"article:publisher\" content=\"https:\/\/www.facebook.com\/helkasorfozde\" \/>\n<meta property=\"article:modified_time\" content=\"2025-12-11T20:07:44+00:00\" \/>\n<meta property=\"og:image\" content=\"https:\/\/helkasor.hu\/wp-content\/uploads\/2025\/06\/IMG_4983-scaled.jpg\" \/>\n\t<meta property=\"og:image:width\" content=\"1920\" \/>\n\t<meta property=\"og:image:height\" content=\"2560\" \/>\n\t<meta property=\"og:image:type\" content=\"image\/jpeg\" \/>\n<meta name=\"twitter:card\" content=\"summary_large_image\" \/>\n<meta name=\"twitter:label1\" content=\"Estimated reading time\" \/>\n\t<meta name=\"twitter:data1\" content=\"1 minute\" \/>\n<script type=\"application\/ld+json\" class=\"yoast-schema-graph\">{\"@context\":\"https:\/\/schema.org\",\"@graph\":[{\"@type\":\"WebPage\",\"@id\":\"https:\/\/helkasor.hu\/termek\/kituzok-1db-helka-x-lilpin-helka-feher\/\",\"url\":\"https:\/\/helkasor.hu\/termek\/kituzok-1db-helka-x-lilpin-helka-feher\/\",\"name\":\"Kit\u0171z\u0151k 1db Helka x lil\u2019pin Helka feh\u00e9r - Helka s\u00f6rf\u0151zde\",\"isPartOf\":{\"@id\":\"https:\/\/helkasor.hu\/#website\"},\"primaryImageOfPage\":{\"@id\":\"https:\/\/helkasor.hu\/termek\/kituzok-1db-helka-x-lilpin-helka-feher\/#primaryimage\"},\"image\":{\"@id\":\"https:\/\/helkasor.hu\/termek\/kituzok-1db-helka-x-lilpin-helka-feher\/#primaryimage\"},\"thumbnailUrl\":\"https:\/\/helkasor.hu\/wp-content\/uploads\/2025\/06\/IMG_4983-scaled.jpg\",\"datePublished\":\"2025-06-30T13:18:07+00:00\",\"dateModified\":\"2025-12-11T20:07:44+00:00\",\"breadcrumb\":{\"@id\":\"https:\/\/helkasor.hu\/termek\/kituzok-1db-helka-x-lilpin-helka-feher\/#breadcrumb\"},\"inLanguage\":\"en-GB\",\"potentialAction\":[{\"@type\":\"ReadAction\",\"target\":[\"https:\/\/helkasor.hu\/termek\/kituzok-1db-helka-x-lilpin-helka-feher\/\"]}]},{\"@type\":\"ImageObject\",\"inLanguage\":\"en-GB\",\"@id\":\"https:\/\/helkasor.hu\/termek\/kituzok-1db-helka-x-lilpin-helka-feher\/#primaryimage\",\"url\":\"https:\/\/helkasor.hu\/wp-content\/uploads\/2025\/06\/IMG_4983-scaled.jpg\",\"contentUrl\":\"https:\/\/helkasor.hu\/wp-content\/uploads\/2025\/06\/IMG_4983-scaled.jpg\",\"width\":1920,\"height\":2560},{\"@type\":\"BreadcrumbList\",\"@id\":\"https:\/\/helkasor.hu\/termek\/kituzok-1db-helka-x-lilpin-helka-feher\/#breadcrumb\",\"itemListElement\":[{\"@type\":\"ListItem\",\"position\":1,\"name\":\"Kezd\u0151lap\",\"item\":\"https:\/\/helkasor.hu\/\"},{\"@type\":\"ListItem\",\"position\":2,\"name\":\"\u00dczlet\",\"item\":\"https:\/\/helkasor.hu\/uzlet\/\"},{\"@type\":\"ListItem\",\"position\":3,\"name\":\"Kit\u0171z\u0151k 1db Helka x lil\u2019pin Helka feh\u00e9r\"}]},{\"@type\":\"WebSite\",\"@id\":\"https:\/\/helkasor.hu\/#website\",\"url\":\"https:\/\/helkasor.hu\/\",\"name\":\"Helka S\u00f6rf\u0151zde\",\"description\":\"Kis\u00fczemi s\u00f6r a Balaton k\u00f6r\u00fcl\",\"publisher\":{\"@id\":\"https:\/\/helkasor.hu\/#organization\"},\"potentialAction\":[{\"@type\":\"SearchAction\",\"target\":{\"@type\":\"EntryPoint\",\"urlTemplate\":\"https:\/\/helkasor.hu\/?s={search_term_string}\"},\"query-input\":\"required name=search_term_string\"}],\"inLanguage\":\"en-GB\"},{\"@type\":\"Organization\",\"@id\":\"https:\/\/helkasor.hu\/#organization\",\"name\":\"Helka s\u00f6rf\u0151zde\",\"url\":\"https:\/\/helkasor.hu\/\",\"logo\":{\"@type\":\"ImageObject\",\"inLanguage\":\"en-GB\",\"@id\":\"https:\/\/helkasor.hu\/#\/schema\/logo\/image\/\",\"url\":\"https:\/\/helkasor.hu\/wp-content\/uploads\/2022\/05\/Helka-sorfozde-logo-kek.svg\",\"contentUrl\":\"https:\/\/helkasor.hu\/wp-content\/uploads\/2022\/05\/Helka-sorfozde-logo-kek.svg\",\"width\":1,\"height\":1,\"caption\":\"Helka s\u00f6rf\u0151zde\"},\"image\":{\"@id\":\"https:\/\/helkasor.hu\/#\/schema\/logo\/image\/\"},\"sameAs\":[\"https:\/\/www.facebook.com\/helkasorfozde\",\"https:\/\/www.instagram.com\/helkabrewery\/\"]}]}<\/script>\n<!-- \/ Yoast SEO plugin. -->","yoast_head_json":{"title":"Kit\u0171z\u0151k 1db Helka x lil\u2019pin Helka feh\u00e9r - Helka s\u00f6rf\u0151zde","robots":{"index":"index","follow":"follow","max-snippet":"max-snippet:-1","max-image-preview":"max-image-preview:large","max-video-preview":"max-video-preview:-1"},"canonical":"https:\/\/helkasor.hu\/en\/product\/kituzok-1db-helka-x-lilpin-helka-feher\/","og_locale":"en_GB","og_type":"article","og_title":"Kit\u0171z\u0151k 1db Helka x lil\u2019pin Helka feh\u00e9r - Helka s\u00f6rf\u0151zde","og_description":"Ha egyedi, balatoni \u00e9s vag\u00e1ny akkor a Helk\u00e1ban a helye. D\u00f3ri azaz Lil\u2019pin \u00e9s\/vagy Betonka csod\u00e1latos alkot\u00e1sai m\u00e1r Helka b\u0151rbe b\u00fajva el\u00e9rhet\u0151ek. Figyelem, limit\u00e1lt a k\u00e9szlet, csapj le r\u00e1!","og_url":"https:\/\/helkasor.hu\/en\/product\/kituzok-1db-helka-x-lilpin-helka-feher\/","og_site_name":"Helka s\u00f6rf\u0151zde","article_publisher":"https:\/\/www.facebook.com\/helkasorfozde","article_modified_time":"2025-12-11T20:07:44+00:00","og_image":[{"width":1920,"height":2560,"url":"https:\/\/helkasor.hu\/wp-content\/uploads\/2025\/06\/IMG_4983-scaled.jpg","type":"image\/jpeg"}],"twitter_card":"summary_large_image","twitter_misc":{"Estimated reading time":"1 minute"},"schema":{"@context":"https:\/\/schema.org","@graph":[{"@type":"WebPage","@id":"https:\/\/helkasor.hu\/termek\/kituzok-1db-helka-x-lilpin-helka-feher\/","url":"https:\/\/helkasor.hu\/termek\/kituzok-1db-helka-x-lilpin-helka-feher\/","name":"Kit\u0171z\u0151k 1db Helka x lil\u2019pin Helka feh\u00e9r - Helka s\u00f6rf\u0151zde","isPartOf":{"@id":"https:\/\/helkasor.hu\/#website"},"primaryImageOfPage":{"@id":"https:\/\/helkasor.hu\/termek\/kituzok-1db-helka-x-lilpin-helka-feher\/#primaryimage"},"image":{"@id":"https:\/\/helkasor.hu\/termek\/kituzok-1db-helka-x-lilpin-helka-feher\/#primaryimage"},"thumbnailUrl":"https:\/\/helkasor.hu\/wp-content\/uploads\/2025\/06\/IMG_4983-scaled.jpg","datePublished":"2025-06-30T13:18:07+00:00","dateModified":"2025-12-11T20:07:44+00:00","breadcrumb":{"@id":"https:\/\/helkasor.hu\/termek\/kituzok-1db-helka-x-lilpin-helka-feher\/#breadcrumb"},"inLanguage":"en-GB","potentialAction":[{"@type":"ReadAction","target":["https:\/\/helkasor.hu\/termek\/kituzok-1db-helka-x-lilpin-helka-feher\/"]}]},{"@type":"ImageObject","inLanguage":"en-GB","@id":"https:\/\/helkasor.hu\/termek\/kituzok-1db-helka-x-lilpin-helka-feher\/#primaryimage","url":"https:\/\/helkasor.hu\/wp-content\/uploads\/2025\/06\/IMG_4983-scaled.jpg","contentUrl":"https:\/\/helkasor.hu\/wp-content\/uploads\/2025\/06\/IMG_4983-scaled.jpg","width":1920,"height":2560},{"@type":"BreadcrumbList","@id":"https:\/\/helkasor.hu\/termek\/kituzok-1db-helka-x-lilpin-helka-feher\/#breadcrumb","itemListElement":[{"@type":"ListItem","position":1,"name":"Kezd\u0151lap","item":"https:\/\/helkasor.hu\/"},{"@type":"ListItem","position":2,"name":"\u00dczlet","item":"https:\/\/helkasor.hu\/uzlet\/"},{"@type":"ListItem","position":3,"name":"Kit\u0171z\u0151k 1db Helka x lil\u2019pin Helka feh\u00e9r"}]},{"@type":"WebSite","@id":"https:\/\/helkasor.hu\/#website","url":"https:\/\/helkasor.hu\/","name":"Helka S\u00f6rf\u0151zde","description":"Kis\u00fczemi s\u00f6r a Balaton k\u00f6r\u00fcl","publisher":{"@id":"https:\/\/helkasor.hu\/#organization"},"potentialAction":[{"@type":"SearchAction","target":{"@type":"EntryPoint","urlTemplate":"https:\/\/helkasor.hu\/?s={search_term_string}"},"query-input":"required name=search_term_string"}],"inLanguage":"en-GB"},{"@type":"Organization","@id":"https:\/\/helkasor.hu\/#organization","name":"Helka brewery","url":"https:\/\/helkasor.hu\/","logo":{"@type":"ImageObject","inLanguage":"en-GB","@id":"https:\/\/helkasor.hu\/#\/schema\/logo\/image\/","url":"https:\/\/helkasor.hu\/wp-content\/uploads\/2022\/05\/Helka-sorfozde-logo-kek.svg","contentUrl":"https:\/\/helkasor.hu\/wp-content\/uploads\/2022\/05\/Helka-sorfozde-logo-kek.svg","width":1,"height":1,"caption":"Helka s\u00f6rf\u0151zde"},"image":{"@id":"https:\/\/helkasor.hu\/#\/schema\/logo\/image\/"},"sameAs":["https:\/\/www.facebook.com\/helkasorfozde","https:\/\/www.instagram.com\/helkabrewery\/"]}]}},"_links":{"self":[{"href":"https:\/\/helkasor.hu\/en\/wp-json\/wp\/v2\/product\/1590"}],"collection":[{"href":"https:\/\/helkasor.hu\/en\/wp-json\/wp\/v2\/product"}],"about":[{"href":"https:\/\/helkasor.hu\/en\/wp-json\/wp\/v2\/types\/product"}],"replies":[{"embeddable":true,"href":"https:\/\/helkasor.hu\/en\/wp-json\/wp\/v2\/comments?post=1590"}],"wp:featuredmedia":[{"embeddable":true,"href":"https:\/\/helkasor.hu\/en\/wp-json\/wp\/v2\/media\/1572"}],"wp:attachment":[{"href":"https:\/\/helkasor.hu\/en\/wp-json\/wp\/v2\/media?parent=1590"}],"wp:term":[{"taxonomy":"product_cat","embeddable":true,"href":"https:\/\/helkasor.hu\/en\/wp-json\/wp\/v2\/product_cat?post=1590"},{"taxonomy":"product_tag","embeddable":true,"href":"https:\/\/helkasor.hu\/en\/wp-json\/wp\/v2\/product_tag?post=1590"}],"curies":[{"name":"wp","href":"https:\/\/api.w.org\/{rel}","templated":true}]}}