{"id":1605,"date":"2025-08-05T10:23:41","date_gmt":"2025-08-05T08:23:41","guid":{"rendered":"https:\/\/helkasor.hu\/?post_type=product&#038;p=1605"},"modified":"2026-02-04T14:57:40","modified_gmt":"2026-02-04T12:57:40","slug":"lupulin-05l","status":"publish","type":"product","link":"https:\/\/helkasor.hu\/en\/product\/lupulin-05l\/","title":{"rendered":"Lupulin 0,5L"},"content":{"rendered":"<p>A lupulin k\u00f6vetkez\u0151 vari\u00e1ci\u00f3j\u00e1ban a  A n\u00e9met Saphir vir\u00e1gos \u00e9s enyhe mandarin citrusos jegyei tiszta, kifinomult alapot adnak, amelyre r\u00e1\u00e9p\u00fcl az amerikai Simcoe er\u0151s karaktere. Ez a koml\u00f3 feny\u0151s, gyant\u00e1s karaktert \u00e9s intenz\u00edv, tr\u00f3pusi gy\u00fcm\u00f6lcs\u00f6s (passi\u00f3gy\u00fcm\u00f6lcs\u00f6s) arom\u00e1t k\u00f6lcs\u00f6n\u00f6z. Az eredm\u00e9ny: egy komplex, m\u00e9gis kiegyens\u00falyozott korty, mely egyszerre friss\u00edt\u0151en gy\u00fcm\u00f6lcs\u00f6s \u00e9s izgalmasan pik\u00e1ns.<\/p>","protected":false},"excerpt":{"rendered":"<div>\n<div>Lupulin-Alkohol: 5,1 %<\/div>\n<div>tipus:Hidegkoml\u00f3zott Fels\u0151erjeszt\u00e9s\u0171 Sz\u0171retlen Vil\u00e1gos S\u00f6r<\/div>\n<div><\/div>\n<\/div>\n<div>A Lupulin egy olyan \u00e1lland\u00f3 s\u00f6r\u00fcnk , amelyben a J\u00f3mad\u00e1r s\u00f6r\u00fcnkt\u0151l m\u00e1r megszokott k\u00f6nnyed friss\u00edt\u0151 \u00e9lm\u00e9nyt az erjed\u00e9s k\u00f6zben hozz\u00e1adott extra mennyis\u00e9g\u0171 koml\u00f3val szeretn\u00e9nk m\u00e9g izgalmasabb\u00e1 tenni.<\/div>\n<div>\u00c9s hogy milyen koml\u00f3val? Azt mindig megtal\u00e1lj\u00e1tok a doboz alj\u00e1n, hiszen minden f\u0151zet egyedis\u00e9g\u00e9t az \u00e9ppen benne l\u00e9v\u0151 koml\u00f3 fajta aroma vil\u00e1ga hat\u00e1rozza meg.<\/div>","protected":false},"featured_media":1823,"comment_status":"open","ping_status":"closed","template":"","meta":[],"product_cat":[16],"product_tag":[],"yoast_head":"<!-- This site is optimized with the Yoast SEO plugin v22.9 - https:\/\/yoast.com\/wordpress\/plugins\/seo\/ -->\n<title>Lupulin 0,5L - Helka s\u00f6rf\u0151zde<\/title>\n<meta name=\"robots\" content=\"index, follow, max-snippet:-1, max-image-preview:large, max-video-preview:-1\" \/>\n<link rel=\"canonical\" href=\"https:\/\/helkasor.hu\/en\/product\/lupulin-05l\/\" \/>\n<meta property=\"og:locale\" content=\"en_GB\" \/>\n<meta property=\"og:type\" content=\"article\" \/>\n<meta property=\"og:title\" content=\"Lupulin 0,5L - Helka s\u00f6rf\u0151zde\" \/>\n<meta property=\"og:description\" content=\"Lupulin-Alkohol: 5,1 % tipus:Hidegkoml\u00f3zott Fels\u0151erjeszt\u00e9s\u0171 Sz\u0171retlen Vil\u00e1gos S\u00f6r   A Lupulin egy olyan \u00e1lland\u00f3 s\u00f6r\u00fcnk , amelyben a J\u00f3mad\u00e1r s\u00f6r\u00fcnkt\u0151l m\u00e1r megszokott k\u00f6nnyed friss\u00edt\u0151 \u00e9lm\u00e9nyt az erjed\u00e9s k\u00f6zben hozz\u00e1adott extra mennyis\u00e9g\u0171 koml\u00f3val szeretn\u00e9nk m\u00e9g izgalmasabb\u00e1 tenni. \u00c9s hogy milyen koml\u00f3val? Azt mindig megtal\u00e1lj\u00e1tok a doboz alj\u00e1n, hiszen minden f\u0151zet egyedis\u00e9g\u00e9t az \u00e9ppen benne l\u00e9v\u0151 koml\u00f3 fajta aroma vil\u00e1ga hat\u00e1rozza meg.\" \/>\n<meta property=\"og:url\" content=\"https:\/\/helkasor.hu\/en\/product\/lupulin-05l\/\" \/>\n<meta property=\"og:site_name\" content=\"Helka s\u00f6rf\u0151zde\" \/>\n<meta property=\"article:publisher\" content=\"https:\/\/www.facebook.com\/helkasorfozde\" \/>\n<meta property=\"article:modified_time\" content=\"2026-02-04T12:57:40+00:00\" \/>\n<meta property=\"og:image\" content=\"https:\/\/helkasor.hu\/wp-content\/uploads\/2025\/08\/6-1.jpg\" \/>\n\t<meta property=\"og:image:width\" content=\"1000\" \/>\n\t<meta property=\"og:image:height\" content=\"1000\" \/>\n\t<meta property=\"og:image:type\" content=\"image\/jpeg\" \/>\n<meta name=\"twitter:card\" content=\"summary_large_image\" \/>\n<meta name=\"twitter:label1\" content=\"Estimated reading time\" \/>\n\t<meta name=\"twitter:data1\" content=\"1 minute\" \/>\n<script type=\"application\/ld+json\" class=\"yoast-schema-graph\">{\"@context\":\"https:\/\/schema.org\",\"@graph\":[{\"@type\":\"WebPage\",\"@id\":\"https:\/\/helkasor.hu\/termek\/lupulin-05l\/\",\"url\":\"https:\/\/helkasor.hu\/termek\/lupulin-05l\/\",\"name\":\"Lupulin 0,5L - Helka s\u00f6rf\u0151zde\",\"isPartOf\":{\"@id\":\"https:\/\/helkasor.hu\/#website\"},\"primaryImageOfPage\":{\"@id\":\"https:\/\/helkasor.hu\/termek\/lupulin-05l\/#primaryimage\"},\"image\":{\"@id\":\"https:\/\/helkasor.hu\/termek\/lupulin-05l\/#primaryimage\"},\"thumbnailUrl\":\"https:\/\/helkasor.hu\/wp-content\/uploads\/2025\/08\/6-1.jpg\",\"datePublished\":\"2025-08-05T08:23:41+00:00\",\"dateModified\":\"2026-02-04T12:57:40+00:00\",\"breadcrumb\":{\"@id\":\"https:\/\/helkasor.hu\/termek\/lupulin-05l\/#breadcrumb\"},\"inLanguage\":\"en-GB\",\"potentialAction\":[{\"@type\":\"ReadAction\",\"target\":[\"https:\/\/helkasor.hu\/termek\/lupulin-05l\/\"]}]},{\"@type\":\"ImageObject\",\"inLanguage\":\"en-GB\",\"@id\":\"https:\/\/helkasor.hu\/termek\/lupulin-05l\/#primaryimage\",\"url\":\"https:\/\/helkasor.hu\/wp-content\/uploads\/2025\/08\/6-1.jpg\",\"contentUrl\":\"https:\/\/helkasor.hu\/wp-content\/uploads\/2025\/08\/6-1.jpg\",\"width\":1000,\"height\":1000},{\"@type\":\"BreadcrumbList\",\"@id\":\"https:\/\/helkasor.hu\/termek\/lupulin-05l\/#breadcrumb\",\"itemListElement\":[{\"@type\":\"ListItem\",\"position\":1,\"name\":\"Kezd\u0151lap\",\"item\":\"https:\/\/helkasor.hu\/\"},{\"@type\":\"ListItem\",\"position\":2,\"name\":\"\u00dczlet\",\"item\":\"https:\/\/helkasor.hu\/uzlet\/\"},{\"@type\":\"ListItem\",\"position\":3,\"name\":\"Lupulin 0,5L\"}]},{\"@type\":\"WebSite\",\"@id\":\"https:\/\/helkasor.hu\/#website\",\"url\":\"https:\/\/helkasor.hu\/\",\"name\":\"Helka S\u00f6rf\u0151zde\",\"description\":\"Kis\u00fczemi s\u00f6r a Balaton k\u00f6r\u00fcl\",\"publisher\":{\"@id\":\"https:\/\/helkasor.hu\/#organization\"},\"potentialAction\":[{\"@type\":\"SearchAction\",\"target\":{\"@type\":\"EntryPoint\",\"urlTemplate\":\"https:\/\/helkasor.hu\/?s={search_term_string}\"},\"query-input\":\"required name=search_term_string\"}],\"inLanguage\":\"en-GB\"},{\"@type\":\"Organization\",\"@id\":\"https:\/\/helkasor.hu\/#organization\",\"name\":\"Helka s\u00f6rf\u0151zde\",\"url\":\"https:\/\/helkasor.hu\/\",\"logo\":{\"@type\":\"ImageObject\",\"inLanguage\":\"en-GB\",\"@id\":\"https:\/\/helkasor.hu\/#\/schema\/logo\/image\/\",\"url\":\"https:\/\/helkasor.hu\/wp-content\/uploads\/2022\/05\/Helka-sorfozde-logo-kek.svg\",\"contentUrl\":\"https:\/\/helkasor.hu\/wp-content\/uploads\/2022\/05\/Helka-sorfozde-logo-kek.svg\",\"width\":1,\"height\":1,\"caption\":\"Helka s\u00f6rf\u0151zde\"},\"image\":{\"@id\":\"https:\/\/helkasor.hu\/#\/schema\/logo\/image\/\"},\"sameAs\":[\"https:\/\/www.facebook.com\/helkasorfozde\",\"https:\/\/www.instagram.com\/helkabrewery\/\"]}]}<\/script>\n<!-- \/ Yoast SEO plugin. -->","yoast_head_json":{"title":"Lupulin 0,5L - Helka s\u00f6rf\u0151zde","robots":{"index":"index","follow":"follow","max-snippet":"max-snippet:-1","max-image-preview":"max-image-preview:large","max-video-preview":"max-video-preview:-1"},"canonical":"https:\/\/helkasor.hu\/en\/product\/lupulin-05l\/","og_locale":"en_GB","og_type":"article","og_title":"Lupulin 0,5L - Helka s\u00f6rf\u0151zde","og_description":"Lupulin-Alkohol: 5,1 % tipus:Hidegkoml\u00f3zott Fels\u0151erjeszt\u00e9s\u0171 Sz\u0171retlen Vil\u00e1gos S\u00f6r   A Lupulin egy olyan \u00e1lland\u00f3 s\u00f6r\u00fcnk , amelyben a J\u00f3mad\u00e1r s\u00f6r\u00fcnkt\u0151l m\u00e1r megszokott k\u00f6nnyed friss\u00edt\u0151 \u00e9lm\u00e9nyt az erjed\u00e9s k\u00f6zben hozz\u00e1adott extra mennyis\u00e9g\u0171 koml\u00f3val szeretn\u00e9nk m\u00e9g izgalmasabb\u00e1 tenni. \u00c9s hogy milyen koml\u00f3val? Azt mindig megtal\u00e1lj\u00e1tok a doboz alj\u00e1n, hiszen minden f\u0151zet egyedis\u00e9g\u00e9t az \u00e9ppen benne l\u00e9v\u0151 koml\u00f3 fajta aroma vil\u00e1ga hat\u00e1rozza meg.","og_url":"https:\/\/helkasor.hu\/en\/product\/lupulin-05l\/","og_site_name":"Helka s\u00f6rf\u0151zde","article_publisher":"https:\/\/www.facebook.com\/helkasorfozde","article_modified_time":"2026-02-04T12:57:40+00:00","og_image":[{"width":1000,"height":1000,"url":"https:\/\/helkasor.hu\/wp-content\/uploads\/2025\/08\/6-1.jpg","type":"image\/jpeg"}],"twitter_card":"summary_large_image","twitter_misc":{"Estimated reading time":"1 minute"},"schema":{"@context":"https:\/\/schema.org","@graph":[{"@type":"WebPage","@id":"https:\/\/helkasor.hu\/termek\/lupulin-05l\/","url":"https:\/\/helkasor.hu\/termek\/lupulin-05l\/","name":"Lupulin 0,5L - Helka s\u00f6rf\u0151zde","isPartOf":{"@id":"https:\/\/helkasor.hu\/#website"},"primaryImageOfPage":{"@id":"https:\/\/helkasor.hu\/termek\/lupulin-05l\/#primaryimage"},"image":{"@id":"https:\/\/helkasor.hu\/termek\/lupulin-05l\/#primaryimage"},"thumbnailUrl":"https:\/\/helkasor.hu\/wp-content\/uploads\/2025\/08\/6-1.jpg","datePublished":"2025-08-05T08:23:41+00:00","dateModified":"2026-02-04T12:57:40+00:00","breadcrumb":{"@id":"https:\/\/helkasor.hu\/termek\/lupulin-05l\/#breadcrumb"},"inLanguage":"en-GB","potentialAction":[{"@type":"ReadAction","target":["https:\/\/helkasor.hu\/termek\/lupulin-05l\/"]}]},{"@type":"ImageObject","inLanguage":"en-GB","@id":"https:\/\/helkasor.hu\/termek\/lupulin-05l\/#primaryimage","url":"https:\/\/helkasor.hu\/wp-content\/uploads\/2025\/08\/6-1.jpg","contentUrl":"https:\/\/helkasor.hu\/wp-content\/uploads\/2025\/08\/6-1.jpg","width":1000,"height":1000},{"@type":"BreadcrumbList","@id":"https:\/\/helkasor.hu\/termek\/lupulin-05l\/#breadcrumb","itemListElement":[{"@type":"ListItem","position":1,"name":"Kezd\u0151lap","item":"https:\/\/helkasor.hu\/"},{"@type":"ListItem","position":2,"name":"\u00dczlet","item":"https:\/\/helkasor.hu\/uzlet\/"},{"@type":"ListItem","position":3,"name":"Lupulin 0,5L"}]},{"@type":"WebSite","@id":"https:\/\/helkasor.hu\/#website","url":"https:\/\/helkasor.hu\/","name":"Helka S\u00f6rf\u0151zde","description":"Kis\u00fczemi s\u00f6r a Balaton k\u00f6r\u00fcl","publisher":{"@id":"https:\/\/helkasor.hu\/#organization"},"potentialAction":[{"@type":"SearchAction","target":{"@type":"EntryPoint","urlTemplate":"https:\/\/helkasor.hu\/?s={search_term_string}"},"query-input":"required name=search_term_string"}],"inLanguage":"en-GB"},{"@type":"Organization","@id":"https:\/\/helkasor.hu\/#organization","name":"Helka brewery","url":"https:\/\/helkasor.hu\/","logo":{"@type":"ImageObject","inLanguage":"en-GB","@id":"https:\/\/helkasor.hu\/#\/schema\/logo\/image\/","url":"https:\/\/helkasor.hu\/wp-content\/uploads\/2022\/05\/Helka-sorfozde-logo-kek.svg","contentUrl":"https:\/\/helkasor.hu\/wp-content\/uploads\/2022\/05\/Helka-sorfozde-logo-kek.svg","width":1,"height":1,"caption":"Helka s\u00f6rf\u0151zde"},"image":{"@id":"https:\/\/helkasor.hu\/#\/schema\/logo\/image\/"},"sameAs":["https:\/\/www.facebook.com\/helkasorfozde","https:\/\/www.instagram.com\/helkabrewery\/"]}]}},"_links":{"self":[{"href":"https:\/\/helkasor.hu\/en\/wp-json\/wp\/v2\/product\/1605"}],"collection":[{"href":"https:\/\/helkasor.hu\/en\/wp-json\/wp\/v2\/product"}],"about":[{"href":"https:\/\/helkasor.hu\/en\/wp-json\/wp\/v2\/types\/product"}],"replies":[{"embeddable":true,"href":"https:\/\/helkasor.hu\/en\/wp-json\/wp\/v2\/comments?post=1605"}],"wp:featuredmedia":[{"embeddable":true,"href":"https:\/\/helkasor.hu\/en\/wp-json\/wp\/v2\/media\/1823"}],"wp:attachment":[{"href":"https:\/\/helkasor.hu\/en\/wp-json\/wp\/v2\/media?parent=1605"}],"wp:term":[{"taxonomy":"product_cat","embeddable":true,"href":"https:\/\/helkasor.hu\/en\/wp-json\/wp\/v2\/product_cat?post=1605"},{"taxonomy":"product_tag","embeddable":true,"href":"https:\/\/helkasor.hu\/en\/wp-json\/wp\/v2\/product_tag?post=1605"}],"curies":[{"name":"wp","href":"https:\/\/api.w.org\/{rel}","templated":true}]}}