{"id":161,"date":"2022-05-02T13:06:00","date_gmt":"2022-05-02T11:06:00","guid":{"rendered":"https:\/\/helkasor.hu\/?post_type=product&#038;p=161"},"modified":"2026-03-02T14:56:19","modified_gmt":"2026-03-02T12:56:19","slug":"jomadar","status":"publish","type":"product","link":"https:\/\/helkasor.hu\/en\/product\/jomadar\/","title":{"rendered":"J\u00f3mad\u00e1r 0,5 l"},"content":{"rendered":"<p>This little birdie will fly you all the way over to Koln (Cologne), Germany, by the Rhine River, where beer has been brewed traditionally for over a 100 years. Its flavor is characterized by the perfect balance between the malt and the yeast. This beer is made unique by its golden glow and refreshing taste. One swallow does not a summer make, but this little bird will! Drink it while it\u2019s still cold!<\/p>\n<p>&nbsp;<\/p>\n<p><strong>BEHIND THE BEER:<\/strong><\/p>\n<p><strong>F\u00fcl\u00f6p:<\/strong><\/p>\n<p><em>I have always been a fan of traditional beers. I like when a beer has history, so Kolsch has been a favorite since my very first sip. I first became interested in the style when, at college, as part of my thesis, I made it my goal to develop a method of propagation yeast that is applicable for small-scale breweries. I used a Kolsch-style yeast branch during my experimentation. Once I was able to make a substantial amount, we hastily started making Kolsch at Monyo Brewery, since the guys there were also big fans of the style. The first 1000 liters (264 gallons) were gone in almost an instant, so, soon we were making 2000-liter batches and it became a regular supply. Our love for this beer has remained ever since, and when we were creating the basic assortment for Helka, it was obvious to me that it belonged on the list, since Kolsch is the perfect choice on a hot summer day for its light, pure, refreshing characteristics.<\/em><\/p>","protected":false},"excerpt":{"rendered":"<p>K\u00f6lsch-style, pale, top fermented<\/p>\n<p>Alcohol: 5,5% V\/V<\/p>\n<p>Malts: Pilsen, Wheat, M\u00fcnich, CaraPils<\/p>\n<p>Hops: Warrior, Spalt<\/p>\n<p>Yeast: YeastFlow \u2013 YF110<\/p>\n<p>Packaging: 0,5l CAN \/ 30l KEG<\/p>","protected":false},"featured_media":1820,"comment_status":"open","ping_status":"closed","template":"","meta":[],"product_cat":[16],"product_tag":[],"yoast_head":"<!-- This site is optimized with the Yoast SEO plugin v22.9 - https:\/\/yoast.com\/wordpress\/plugins\/seo\/ -->\n<title>J\u00f3mad\u00e1r 0,5 l - Helka s\u00f6rf\u0151zde<\/title>\n<meta name=\"robots\" content=\"index, follow, max-snippet:-1, max-image-preview:large, max-video-preview:-1\" \/>\n<link rel=\"canonical\" href=\"https:\/\/helkasor.hu\/en\/product\/jomadar\/\" \/>\n<meta property=\"og:locale\" content=\"en_GB\" \/>\n<meta property=\"og:type\" content=\"article\" \/>\n<meta property=\"og:title\" content=\"J\u00f3mad\u00e1r 0,5 l - Helka s\u00f6rf\u0151zde\" \/>\n<meta property=\"og:description\" content=\"K\u00f6lsch st\u00edlus\u00fa vil\u00e1gos, fels\u0151erjeszt\u00e9s\u0171 s\u00f6r  Alkohol: 5,5% V\/V  Mal\u00e1t\u00e1k: Pilseni mal\u00e1ta, B\u00faza mal\u00e1ta, M\u00fcncheni mal\u00e1ta, Carapils mal\u00e1ta  Koml\u00f3: Warrior, Spalt  \u00c9leszt\u0151: YeastFlow - YF110  Kiszerel\u00e9s: 0,5l CAN \/ 30l KEG\" \/>\n<meta property=\"og:url\" content=\"https:\/\/helkasor.hu\/en\/product\/jomadar\/\" \/>\n<meta property=\"og:site_name\" content=\"Helka s\u00f6rf\u0151zde\" \/>\n<meta property=\"article:publisher\" content=\"https:\/\/www.facebook.com\/helkasorfozde\" \/>\n<meta property=\"article:modified_time\" content=\"2026-03-02T12:56:19+00:00\" \/>\n<meta property=\"og:image\" content=\"https:\/\/helkasor.hu\/wp-content\/uploads\/2025\/08\/3.jpg\" \/>\n\t<meta property=\"og:image:width\" content=\"1000\" \/>\n\t<meta property=\"og:image:height\" content=\"1000\" \/>\n\t<meta property=\"og:image:type\" content=\"image\/jpeg\" \/>\n<meta name=\"twitter:card\" content=\"summary_large_image\" \/>\n<meta name=\"twitter:label1\" content=\"Estimated reading time\" \/>\n\t<meta name=\"twitter:data1\" content=\"2 minutes\" \/>\n<script type=\"application\/ld+json\" class=\"yoast-schema-graph\">{\"@context\":\"https:\/\/schema.org\",\"@graph\":[{\"@type\":\"WebPage\",\"@id\":\"https:\/\/helkasor.hu\/termek\/jomadar\/\",\"url\":\"https:\/\/helkasor.hu\/termek\/jomadar\/\",\"name\":\"J\u00f3mad\u00e1r 0,5 l - Helka s\u00f6rf\u0151zde\",\"isPartOf\":{\"@id\":\"https:\/\/helkasor.hu\/#website\"},\"primaryImageOfPage\":{\"@id\":\"https:\/\/helkasor.hu\/termek\/jomadar\/#primaryimage\"},\"image\":{\"@id\":\"https:\/\/helkasor.hu\/termek\/jomadar\/#primaryimage\"},\"thumbnailUrl\":\"https:\/\/helkasor.hu\/wp-content\/uploads\/2025\/08\/3.jpg\",\"datePublished\":\"2022-05-02T11:06:00+00:00\",\"dateModified\":\"2026-03-02T12:56:19+00:00\",\"breadcrumb\":{\"@id\":\"https:\/\/helkasor.hu\/termek\/jomadar\/#breadcrumb\"},\"inLanguage\":\"en-GB\",\"potentialAction\":[{\"@type\":\"ReadAction\",\"target\":[\"https:\/\/helkasor.hu\/termek\/jomadar\/\"]}]},{\"@type\":\"ImageObject\",\"inLanguage\":\"en-GB\",\"@id\":\"https:\/\/helkasor.hu\/termek\/jomadar\/#primaryimage\",\"url\":\"https:\/\/helkasor.hu\/wp-content\/uploads\/2025\/08\/3.jpg\",\"contentUrl\":\"https:\/\/helkasor.hu\/wp-content\/uploads\/2025\/08\/3.jpg\",\"width\":1000,\"height\":1000},{\"@type\":\"BreadcrumbList\",\"@id\":\"https:\/\/helkasor.hu\/termek\/jomadar\/#breadcrumb\",\"itemListElement\":[{\"@type\":\"ListItem\",\"position\":1,\"name\":\"Kezd\u0151lap\",\"item\":\"https:\/\/helkasor.hu\/\"},{\"@type\":\"ListItem\",\"position\":2,\"name\":\"\u00dczlet\",\"item\":\"https:\/\/helkasor.hu\/uzlet\/\"},{\"@type\":\"ListItem\",\"position\":3,\"name\":\"J\u00f3mad\u00e1r 0,5 l\"}]},{\"@type\":\"WebSite\",\"@id\":\"https:\/\/helkasor.hu\/#website\",\"url\":\"https:\/\/helkasor.hu\/\",\"name\":\"Helka S\u00f6rf\u0151zde\",\"description\":\"Kis\u00fczemi s\u00f6r a Balaton k\u00f6r\u00fcl\",\"publisher\":{\"@id\":\"https:\/\/helkasor.hu\/#organization\"},\"potentialAction\":[{\"@type\":\"SearchAction\",\"target\":{\"@type\":\"EntryPoint\",\"urlTemplate\":\"https:\/\/helkasor.hu\/?s={search_term_string}\"},\"query-input\":\"required name=search_term_string\"}],\"inLanguage\":\"en-GB\"},{\"@type\":\"Organization\",\"@id\":\"https:\/\/helkasor.hu\/#organization\",\"name\":\"Helka s\u00f6rf\u0151zde\",\"url\":\"https:\/\/helkasor.hu\/\",\"logo\":{\"@type\":\"ImageObject\",\"inLanguage\":\"en-GB\",\"@id\":\"https:\/\/helkasor.hu\/#\/schema\/logo\/image\/\",\"url\":\"https:\/\/helkasor.hu\/wp-content\/uploads\/2022\/05\/Helka-sorfozde-logo-kek.svg\",\"contentUrl\":\"https:\/\/helkasor.hu\/wp-content\/uploads\/2022\/05\/Helka-sorfozde-logo-kek.svg\",\"width\":1,\"height\":1,\"caption\":\"Helka s\u00f6rf\u0151zde\"},\"image\":{\"@id\":\"https:\/\/helkasor.hu\/#\/schema\/logo\/image\/\"},\"sameAs\":[\"https:\/\/www.facebook.com\/helkasorfozde\",\"https:\/\/www.instagram.com\/helkabrewery\/\"]}]}<\/script>\n<!-- \/ Yoast SEO plugin. -->","yoast_head_json":{"title":"J\u00f3mad\u00e1r 0,5 l - Helka s\u00f6rf\u0151zde","robots":{"index":"index","follow":"follow","max-snippet":"max-snippet:-1","max-image-preview":"max-image-preview:large","max-video-preview":"max-video-preview:-1"},"canonical":"https:\/\/helkasor.hu\/en\/product\/jomadar\/","og_locale":"en_GB","og_type":"article","og_title":"J\u00f3mad\u00e1r 0,5 l - Helka s\u00f6rf\u0151zde","og_description":"K\u00f6lsch st\u00edlus\u00fa vil\u00e1gos, fels\u0151erjeszt\u00e9s\u0171 s\u00f6r  Alkohol: 5,5% V\/V  Mal\u00e1t\u00e1k: Pilseni mal\u00e1ta, B\u00faza mal\u00e1ta, M\u00fcncheni mal\u00e1ta, Carapils mal\u00e1ta  Koml\u00f3: Warrior, Spalt  \u00c9leszt\u0151: YeastFlow - YF110  Kiszerel\u00e9s: 0,5l CAN \/ 30l KEG","og_url":"https:\/\/helkasor.hu\/en\/product\/jomadar\/","og_site_name":"Helka s\u00f6rf\u0151zde","article_publisher":"https:\/\/www.facebook.com\/helkasorfozde","article_modified_time":"2026-03-02T12:56:19+00:00","og_image":[{"width":1000,"height":1000,"url":"https:\/\/helkasor.hu\/wp-content\/uploads\/2025\/08\/3.jpg","type":"image\/jpeg"}],"twitter_card":"summary_large_image","twitter_misc":{"Estimated reading time":"2 minutes"},"schema":{"@context":"https:\/\/schema.org","@graph":[{"@type":"WebPage","@id":"https:\/\/helkasor.hu\/termek\/jomadar\/","url":"https:\/\/helkasor.hu\/termek\/jomadar\/","name":"J\u00f3mad\u00e1r 0,5 l - Helka s\u00f6rf\u0151zde","isPartOf":{"@id":"https:\/\/helkasor.hu\/#website"},"primaryImageOfPage":{"@id":"https:\/\/helkasor.hu\/termek\/jomadar\/#primaryimage"},"image":{"@id":"https:\/\/helkasor.hu\/termek\/jomadar\/#primaryimage"},"thumbnailUrl":"https:\/\/helkasor.hu\/wp-content\/uploads\/2025\/08\/3.jpg","datePublished":"2022-05-02T11:06:00+00:00","dateModified":"2026-03-02T12:56:19+00:00","breadcrumb":{"@id":"https:\/\/helkasor.hu\/termek\/jomadar\/#breadcrumb"},"inLanguage":"en-GB","potentialAction":[{"@type":"ReadAction","target":["https:\/\/helkasor.hu\/termek\/jomadar\/"]}]},{"@type":"ImageObject","inLanguage":"en-GB","@id":"https:\/\/helkasor.hu\/termek\/jomadar\/#primaryimage","url":"https:\/\/helkasor.hu\/wp-content\/uploads\/2025\/08\/3.jpg","contentUrl":"https:\/\/helkasor.hu\/wp-content\/uploads\/2025\/08\/3.jpg","width":1000,"height":1000},{"@type":"BreadcrumbList","@id":"https:\/\/helkasor.hu\/termek\/jomadar\/#breadcrumb","itemListElement":[{"@type":"ListItem","position":1,"name":"Kezd\u0151lap","item":"https:\/\/helkasor.hu\/"},{"@type":"ListItem","position":2,"name":"\u00dczlet","item":"https:\/\/helkasor.hu\/uzlet\/"},{"@type":"ListItem","position":3,"name":"J\u00f3mad\u00e1r 0,5 l"}]},{"@type":"WebSite","@id":"https:\/\/helkasor.hu\/#website","url":"https:\/\/helkasor.hu\/","name":"Helka S\u00f6rf\u0151zde","description":"Kis\u00fczemi s\u00f6r a Balaton k\u00f6r\u00fcl","publisher":{"@id":"https:\/\/helkasor.hu\/#organization"},"potentialAction":[{"@type":"SearchAction","target":{"@type":"EntryPoint","urlTemplate":"https:\/\/helkasor.hu\/?s={search_term_string}"},"query-input":"required name=search_term_string"}],"inLanguage":"en-GB"},{"@type":"Organization","@id":"https:\/\/helkasor.hu\/#organization","name":"Helka brewery","url":"https:\/\/helkasor.hu\/","logo":{"@type":"ImageObject","inLanguage":"en-GB","@id":"https:\/\/helkasor.hu\/#\/schema\/logo\/image\/","url":"https:\/\/helkasor.hu\/wp-content\/uploads\/2022\/05\/Helka-sorfozde-logo-kek.svg","contentUrl":"https:\/\/helkasor.hu\/wp-content\/uploads\/2022\/05\/Helka-sorfozde-logo-kek.svg","width":1,"height":1,"caption":"Helka s\u00f6rf\u0151zde"},"image":{"@id":"https:\/\/helkasor.hu\/#\/schema\/logo\/image\/"},"sameAs":["https:\/\/www.facebook.com\/helkasorfozde","https:\/\/www.instagram.com\/helkabrewery\/"]}]}},"_links":{"self":[{"href":"https:\/\/helkasor.hu\/en\/wp-json\/wp\/v2\/product\/161"}],"collection":[{"href":"https:\/\/helkasor.hu\/en\/wp-json\/wp\/v2\/product"}],"about":[{"href":"https:\/\/helkasor.hu\/en\/wp-json\/wp\/v2\/types\/product"}],"replies":[{"embeddable":true,"href":"https:\/\/helkasor.hu\/en\/wp-json\/wp\/v2\/comments?post=161"}],"wp:featuredmedia":[{"embeddable":true,"href":"https:\/\/helkasor.hu\/en\/wp-json\/wp\/v2\/media\/1820"}],"wp:attachment":[{"href":"https:\/\/helkasor.hu\/en\/wp-json\/wp\/v2\/media?parent=161"}],"wp:term":[{"taxonomy":"product_cat","embeddable":true,"href":"https:\/\/helkasor.hu\/en\/wp-json\/wp\/v2\/product_cat?post=161"},{"taxonomy":"product_tag","embeddable":true,"href":"https:\/\/helkasor.hu\/en\/wp-json\/wp\/v2\/product_tag?post=161"}],"curies":[{"name":"wp","href":"https:\/\/api.w.org\/{rel}","templated":true}]}}