{"id":163,"date":"2022-05-03T10:19:03","date_gmt":"2022-05-03T08:19:03","guid":{"rendered":"https:\/\/helkasor.hu\/?post_type=product&#038;p=163"},"modified":"2026-03-16T09:24:43","modified_gmt":"2026-03-16T07:24:43","slug":"kelen-05-l","status":"publish","type":"product","link":"https:\/\/helkasor.hu\/en\/product\/kelen-05-l\/","title":{"rendered":"Kel\u00e9n 0,5 l"},"content":{"rendered":"<p>In the old times, the Brits already knew that if they use lots of hops when making beer, it will withstand the long journey all the way to India. If they had known that the dry hopping not only preserves the beer, but also results in much more exciting flavors, they would still be drinking it instead of tea. Fortunately, we figured it out, so with plenty of hops we ensure you do not miss the boat, refreshing citrus and exotic tropical flavors are the true defining qualities of our Kel\u00e9n IPA.<\/p>\n<div class=\"elementor-element elementor-element-38f37b4 elementor-widget elementor-widget-heading\" data-id=\"38f37b4\" data-element_type=\"widget\" data-widget_type=\"heading.default\">\n<div class=\"elementor-widget-container\">\n<h2 class=\"elementor-heading-title elementor-size-default\">BEHIND THE BEER:<\/h2>\n<\/div>\n<\/div>\n<div class=\"elementor-element elementor-element-e8353e2 elementor-widget elementor-widget-text-editor\" data-id=\"e8353e2\" data-element_type=\"widget\" data-widget_type=\"text-editor.default\">\n<div class=\"elementor-widget-container\">\n<p><em>Alex says:\n\nWhen we were creating our basic assortment, it was clear that among the three brews we need one that is more hop-heavy, since it is the flagship of the new, beer revolution. We made our choice for this hard-to-come-by hop blend after much tasting and testing. The Falconer\u2019s Flight is not the name of one particular hop, but it is a blend of many different kinds of hops. The name is an homage to American beer brewer legend, Glen Hay Falconer.<\/em><\/p>\n<\/div>\n<\/div>","protected":false},"excerpt":{"rendered":"<p>India Pale Ale-Style Beer<\/p>\n<p>Alcohol: 5,8% V\/V<\/p>\n<p>Malts: Pale Ale, CaraPils, Biscuit Malt<\/p>\n<p>Hops: Warrior, Falconer\u2019s Flight<\/p>\n<p>Yeast: Fermentis \u2013 US-05<\/p>\n<p>Packaging: 0,5l CAN \/ 30l KEG<\/p>","protected":false},"featured_media":1824,"comment_status":"open","ping_status":"closed","template":"","meta":[],"product_cat":[16],"product_tag":[],"yoast_head":"<!-- This site is optimized with the Yoast SEO plugin v22.9 - https:\/\/yoast.com\/wordpress\/plugins\/seo\/ -->\n<title>Kel\u00e9n 0,5 l - Helka s\u00f6rf\u0151zde<\/title>\n<meta name=\"robots\" content=\"index, follow, max-snippet:-1, max-image-preview:large, max-video-preview:-1\" \/>\n<link rel=\"canonical\" href=\"https:\/\/helkasor.hu\/en\/product\/kelen-05-l\/\" \/>\n<meta property=\"og:locale\" content=\"en_GB\" \/>\n<meta property=\"og:type\" content=\"article\" \/>\n<meta property=\"og:title\" content=\"Kel\u00e9n 0,5 l - Helka s\u00f6rf\u0151zde\" \/>\n<meta property=\"og:description\" content=\"Indian Pale Ale t\u00edpus\u00fa vil\u00e1gos s\u00f6r  Alkohol: 5,8% V\/V  Mal\u00e1t\u00e1k: Pale Ale mal\u00e1ta, Carapils mal\u00e1ta, Keksz mal\u00e1ta  Koml\u00f3: Warrior, Falconer\u2019s Flight  \u00c9leszt\u0151: Fermentis \u2013 US-05  Kiszerel\u00e9s: 0,5l CAN \/ 30l KEG\" \/>\n<meta property=\"og:url\" content=\"https:\/\/helkasor.hu\/en\/product\/kelen-05-l\/\" \/>\n<meta property=\"og:site_name\" content=\"Helka s\u00f6rf\u0151zde\" \/>\n<meta property=\"article:publisher\" content=\"https:\/\/www.facebook.com\/helkasorfozde\" \/>\n<meta property=\"article:modified_time\" content=\"2026-03-16T07:24:43+00:00\" \/>\n<meta property=\"og:image\" content=\"https:\/\/helkasor.hu\/wp-content\/uploads\/2025\/08\/7-1.jpg\" \/>\n\t<meta property=\"og:image:width\" content=\"1000\" \/>\n\t<meta property=\"og:image:height\" content=\"1000\" \/>\n\t<meta property=\"og:image:type\" content=\"image\/jpeg\" \/>\n<meta name=\"twitter:card\" content=\"summary_large_image\" \/>\n<meta name=\"twitter:label1\" content=\"Estimated reading time\" \/>\n\t<meta name=\"twitter:data1\" content=\"1 minute\" \/>\n<script type=\"application\/ld+json\" class=\"yoast-schema-graph\">{\"@context\":\"https:\/\/schema.org\",\"@graph\":[{\"@type\":\"WebPage\",\"@id\":\"https:\/\/helkasor.hu\/termek\/kelen-05-l\/\",\"url\":\"https:\/\/helkasor.hu\/termek\/kelen-05-l\/\",\"name\":\"Kel\u00e9n 0,5 l - Helka s\u00f6rf\u0151zde\",\"isPartOf\":{\"@id\":\"https:\/\/helkasor.hu\/#website\"},\"primaryImageOfPage\":{\"@id\":\"https:\/\/helkasor.hu\/termek\/kelen-05-l\/#primaryimage\"},\"image\":{\"@id\":\"https:\/\/helkasor.hu\/termek\/kelen-05-l\/#primaryimage\"},\"thumbnailUrl\":\"https:\/\/helkasor.hu\/wp-content\/uploads\/2025\/08\/7-1.jpg\",\"datePublished\":\"2022-05-03T08:19:03+00:00\",\"dateModified\":\"2026-03-16T07:24:43+00:00\",\"breadcrumb\":{\"@id\":\"https:\/\/helkasor.hu\/termek\/kelen-05-l\/#breadcrumb\"},\"inLanguage\":\"en-GB\",\"potentialAction\":[{\"@type\":\"ReadAction\",\"target\":[\"https:\/\/helkasor.hu\/termek\/kelen-05-l\/\"]}]},{\"@type\":\"ImageObject\",\"inLanguage\":\"en-GB\",\"@id\":\"https:\/\/helkasor.hu\/termek\/kelen-05-l\/#primaryimage\",\"url\":\"https:\/\/helkasor.hu\/wp-content\/uploads\/2025\/08\/7-1.jpg\",\"contentUrl\":\"https:\/\/helkasor.hu\/wp-content\/uploads\/2025\/08\/7-1.jpg\",\"width\":1000,\"height\":1000},{\"@type\":\"BreadcrumbList\",\"@id\":\"https:\/\/helkasor.hu\/termek\/kelen-05-l\/#breadcrumb\",\"itemListElement\":[{\"@type\":\"ListItem\",\"position\":1,\"name\":\"Kezd\u0151lap\",\"item\":\"https:\/\/helkasor.hu\/\"},{\"@type\":\"ListItem\",\"position\":2,\"name\":\"\u00dczlet\",\"item\":\"https:\/\/helkasor.hu\/uzlet\/\"},{\"@type\":\"ListItem\",\"position\":3,\"name\":\"Kel\u00e9n 0,5 l\"}]},{\"@type\":\"WebSite\",\"@id\":\"https:\/\/helkasor.hu\/#website\",\"url\":\"https:\/\/helkasor.hu\/\",\"name\":\"Helka S\u00f6rf\u0151zde\",\"description\":\"Kis\u00fczemi s\u00f6r a Balaton k\u00f6r\u00fcl\",\"publisher\":{\"@id\":\"https:\/\/helkasor.hu\/#organization\"},\"potentialAction\":[{\"@type\":\"SearchAction\",\"target\":{\"@type\":\"EntryPoint\",\"urlTemplate\":\"https:\/\/helkasor.hu\/?s={search_term_string}\"},\"query-input\":\"required name=search_term_string\"}],\"inLanguage\":\"en-GB\"},{\"@type\":\"Organization\",\"@id\":\"https:\/\/helkasor.hu\/#organization\",\"name\":\"Helka s\u00f6rf\u0151zde\",\"url\":\"https:\/\/helkasor.hu\/\",\"logo\":{\"@type\":\"ImageObject\",\"inLanguage\":\"en-GB\",\"@id\":\"https:\/\/helkasor.hu\/#\/schema\/logo\/image\/\",\"url\":\"https:\/\/helkasor.hu\/wp-content\/uploads\/2022\/05\/Helka-sorfozde-logo-kek.svg\",\"contentUrl\":\"https:\/\/helkasor.hu\/wp-content\/uploads\/2022\/05\/Helka-sorfozde-logo-kek.svg\",\"width\":1,\"height\":1,\"caption\":\"Helka s\u00f6rf\u0151zde\"},\"image\":{\"@id\":\"https:\/\/helkasor.hu\/#\/schema\/logo\/image\/\"},\"sameAs\":[\"https:\/\/www.facebook.com\/helkasorfozde\",\"https:\/\/www.instagram.com\/helkabrewery\/\"]}]}<\/script>\n<!-- \/ Yoast SEO plugin. -->","yoast_head_json":{"title":"Kel\u00e9n 0,5 l - Helka s\u00f6rf\u0151zde","robots":{"index":"index","follow":"follow","max-snippet":"max-snippet:-1","max-image-preview":"max-image-preview:large","max-video-preview":"max-video-preview:-1"},"canonical":"https:\/\/helkasor.hu\/en\/product\/kelen-05-l\/","og_locale":"en_GB","og_type":"article","og_title":"Kel\u00e9n 0,5 l - Helka s\u00f6rf\u0151zde","og_description":"Indian Pale Ale t\u00edpus\u00fa vil\u00e1gos s\u00f6r  Alkohol: 5,8% V\/V  Mal\u00e1t\u00e1k: Pale Ale mal\u00e1ta, Carapils mal\u00e1ta, Keksz mal\u00e1ta  Koml\u00f3: Warrior, Falconer\u2019s Flight  \u00c9leszt\u0151: Fermentis \u2013 US-05  Kiszerel\u00e9s: 0,5l CAN \/ 30l KEG","og_url":"https:\/\/helkasor.hu\/en\/product\/kelen-05-l\/","og_site_name":"Helka s\u00f6rf\u0151zde","article_publisher":"https:\/\/www.facebook.com\/helkasorfozde","article_modified_time":"2026-03-16T07:24:43+00:00","og_image":[{"width":1000,"height":1000,"url":"https:\/\/helkasor.hu\/wp-content\/uploads\/2025\/08\/7-1.jpg","type":"image\/jpeg"}],"twitter_card":"summary_large_image","twitter_misc":{"Estimated reading time":"1 minute"},"schema":{"@context":"https:\/\/schema.org","@graph":[{"@type":"WebPage","@id":"https:\/\/helkasor.hu\/termek\/kelen-05-l\/","url":"https:\/\/helkasor.hu\/termek\/kelen-05-l\/","name":"Kel\u00e9n 0,5 l - Helka s\u00f6rf\u0151zde","isPartOf":{"@id":"https:\/\/helkasor.hu\/#website"},"primaryImageOfPage":{"@id":"https:\/\/helkasor.hu\/termek\/kelen-05-l\/#primaryimage"},"image":{"@id":"https:\/\/helkasor.hu\/termek\/kelen-05-l\/#primaryimage"},"thumbnailUrl":"https:\/\/helkasor.hu\/wp-content\/uploads\/2025\/08\/7-1.jpg","datePublished":"2022-05-03T08:19:03+00:00","dateModified":"2026-03-16T07:24:43+00:00","breadcrumb":{"@id":"https:\/\/helkasor.hu\/termek\/kelen-05-l\/#breadcrumb"},"inLanguage":"en-GB","potentialAction":[{"@type":"ReadAction","target":["https:\/\/helkasor.hu\/termek\/kelen-05-l\/"]}]},{"@type":"ImageObject","inLanguage":"en-GB","@id":"https:\/\/helkasor.hu\/termek\/kelen-05-l\/#primaryimage","url":"https:\/\/helkasor.hu\/wp-content\/uploads\/2025\/08\/7-1.jpg","contentUrl":"https:\/\/helkasor.hu\/wp-content\/uploads\/2025\/08\/7-1.jpg","width":1000,"height":1000},{"@type":"BreadcrumbList","@id":"https:\/\/helkasor.hu\/termek\/kelen-05-l\/#breadcrumb","itemListElement":[{"@type":"ListItem","position":1,"name":"Kezd\u0151lap","item":"https:\/\/helkasor.hu\/"},{"@type":"ListItem","position":2,"name":"\u00dczlet","item":"https:\/\/helkasor.hu\/uzlet\/"},{"@type":"ListItem","position":3,"name":"Kel\u00e9n 0,5 l"}]},{"@type":"WebSite","@id":"https:\/\/helkasor.hu\/#website","url":"https:\/\/helkasor.hu\/","name":"Helka S\u00f6rf\u0151zde","description":"Kis\u00fczemi s\u00f6r a Balaton k\u00f6r\u00fcl","publisher":{"@id":"https:\/\/helkasor.hu\/#organization"},"potentialAction":[{"@type":"SearchAction","target":{"@type":"EntryPoint","urlTemplate":"https:\/\/helkasor.hu\/?s={search_term_string}"},"query-input":"required name=search_term_string"}],"inLanguage":"en-GB"},{"@type":"Organization","@id":"https:\/\/helkasor.hu\/#organization","name":"Helka brewery","url":"https:\/\/helkasor.hu\/","logo":{"@type":"ImageObject","inLanguage":"en-GB","@id":"https:\/\/helkasor.hu\/#\/schema\/logo\/image\/","url":"https:\/\/helkasor.hu\/wp-content\/uploads\/2022\/05\/Helka-sorfozde-logo-kek.svg","contentUrl":"https:\/\/helkasor.hu\/wp-content\/uploads\/2022\/05\/Helka-sorfozde-logo-kek.svg","width":1,"height":1,"caption":"Helka s\u00f6rf\u0151zde"},"image":{"@id":"https:\/\/helkasor.hu\/#\/schema\/logo\/image\/"},"sameAs":["https:\/\/www.facebook.com\/helkasorfozde","https:\/\/www.instagram.com\/helkabrewery\/"]}]}},"_links":{"self":[{"href":"https:\/\/helkasor.hu\/en\/wp-json\/wp\/v2\/product\/163"}],"collection":[{"href":"https:\/\/helkasor.hu\/en\/wp-json\/wp\/v2\/product"}],"about":[{"href":"https:\/\/helkasor.hu\/en\/wp-json\/wp\/v2\/types\/product"}],"replies":[{"embeddable":true,"href":"https:\/\/helkasor.hu\/en\/wp-json\/wp\/v2\/comments?post=163"}],"wp:featuredmedia":[{"embeddable":true,"href":"https:\/\/helkasor.hu\/en\/wp-json\/wp\/v2\/media\/1824"}],"wp:attachment":[{"href":"https:\/\/helkasor.hu\/en\/wp-json\/wp\/v2\/media?parent=163"}],"wp:term":[{"taxonomy":"product_cat","embeddable":true,"href":"https:\/\/helkasor.hu\/en\/wp-json\/wp\/v2\/product_cat?post=163"},{"taxonomy":"product_tag","embeddable":true,"href":"https:\/\/helkasor.hu\/en\/wp-json\/wp\/v2\/product_tag?post=163"}],"curies":[{"name":"wp","href":"https:\/\/api.w.org\/{rel}","templated":true}]}}