{"id":1695,"date":"2025-11-17T15:45:47","date_gmt":"2025-11-17T13:45:47","guid":{"rendered":"https:\/\/helkasor.hu\/?post_type=product&#038;p=1695"},"modified":"2025-12-08T10:34:26","modified_gmt":"2025-12-08T08:34:26","slug":"helka-celebration-ale-2025-033","status":"publish","type":"product","link":"https:\/\/helkasor.hu\/en\/product\/helka-celebration-ale-2025-033\/","title":{"rendered":"Helka Celebration Ale 0,33 &#8211; 2025"},"content":{"rendered":"<p>Ez a f\u00e9lbarna, 8%-os Belga Strong Ale t\u00edpus\u00fa kar\u00e1csonyi s\u00f6r\u00fcnk sz\u0171retlen, gazdagon mal\u00e1t\u00e1zott, \u00e9s finoman f\u0171szeres karaktert kapott a forral\u00e1s v\u00e9g\u00e9n hozz\u00e1adott koriander magnak \u00e9s \u00e9des narancsh\u00e9jnak k\u00f6sz\u00f6nhet\u0151en. A telt test, a gy\u00fcm\u00f6lcs\u00f6s-f\u0171szeres illatok \u00e9s a meleg\u00edt\u0151 alkohol t\u00f6k\u00e9letes harm\u00f3ni\u00e1t alkotnak \u2014 a hideg t\u00e9li est\u00e9k ide\u00e1lis k\u00eds\u00e9r\u0151je. <\/p>","protected":false},"excerpt":{"rendered":"<p>Ez a f\u00e9lbarna, 8%-os Belga Strong Ale t\u00edpus\u00fa kar\u00e1csonyi s\u00f6r\u00fcnk sz\u0171retlen, gazdagon mal\u00e1t\u00e1zott, \u00e9s finoman f\u0171szeres karaktert kapott a forral\u00e1s v\u00e9g\u00e9n hozz\u00e1adott koriander magnak \u00e9s \u00e9des narancsh\u00e9jnak k\u00f6sz\u00f6nhet\u0151en. A telt test, a gy\u00fcm\u00f6lcs\u00f6s-f\u0171szeres illatok \u00e9s a meleg\u00edt\u0151 alkohol t\u00f6k\u00e9letes harm\u00f3ni\u00e1t alkotnak \u2014 a hideg t\u00e9li est\u00e9k ide\u00e1lis k\u00eds\u00e9r\u0151je.<\/p>","protected":false},"featured_media":1697,"comment_status":"open","ping_status":"closed","template":"","meta":[],"product_cat":[16],"product_tag":[],"yoast_head":"<!-- This site is optimized with the Yoast SEO plugin v22.9 - https:\/\/yoast.com\/wordpress\/plugins\/seo\/ -->\n<title>Helka Celebration Ale 0,33 - 2025 - Helka s\u00f6rf\u0151zde<\/title>\n<meta name=\"robots\" content=\"index, follow, max-snippet:-1, max-image-preview:large, max-video-preview:-1\" \/>\n<link rel=\"canonical\" href=\"https:\/\/helkasor.hu\/en\/product\/helka-celebration-ale-2025-033\/\" \/>\n<meta property=\"og:locale\" content=\"en_GB\" \/>\n<meta property=\"og:type\" content=\"article\" \/>\n<meta property=\"og:title\" content=\"Helka Celebration Ale 0,33 - 2025 - Helka s\u00f6rf\u0151zde\" \/>\n<meta property=\"og:description\" content=\"Ez a f\u00e9lbarna, 8%-os Belga Strong Ale t\u00edpus\u00fa kar\u00e1csonyi s\u00f6r\u00fcnk sz\u0171retlen, gazdagon mal\u00e1t\u00e1zott, \u00e9s finoman f\u0171szeres karaktert kapott a forral\u00e1s v\u00e9g\u00e9n hozz\u00e1adott koriander magnak \u00e9s \u00e9des narancsh\u00e9jnak k\u00f6sz\u00f6nhet\u0151en. A telt test, a gy\u00fcm\u00f6lcs\u00f6s-f\u0171szeres illatok \u00e9s a meleg\u00edt\u0151 alkohol t\u00f6k\u00e9letes harm\u00f3ni\u00e1t alkotnak \u2014 a hideg t\u00e9li est\u00e9k ide\u00e1lis k\u00eds\u00e9r\u0151je.\" \/>\n<meta property=\"og:url\" content=\"https:\/\/helkasor.hu\/en\/product\/helka-celebration-ale-2025-033\/\" \/>\n<meta property=\"og:site_name\" content=\"Helka s\u00f6rf\u0151zde\" \/>\n<meta property=\"article:publisher\" content=\"https:\/\/www.facebook.com\/helkasorfozde\" \/>\n<meta property=\"article:modified_time\" content=\"2025-12-08T08:34:26+00:00\" \/>\n<meta property=\"og:image\" content=\"https:\/\/helkasor.hu\/wp-content\/uploads\/2025\/11\/3.jpg\" \/>\n\t<meta property=\"og:image:width\" content=\"1237\" \/>\n\t<meta property=\"og:image:height\" content=\"1750\" \/>\n\t<meta property=\"og:image:type\" content=\"image\/jpeg\" \/>\n<meta name=\"twitter:card\" content=\"summary_large_image\" \/>\n<meta name=\"twitter:label1\" content=\"Estimated reading time\" \/>\n\t<meta name=\"twitter:data1\" content=\"1 minute\" \/>\n<script type=\"application\/ld+json\" class=\"yoast-schema-graph\">{\"@context\":\"https:\/\/schema.org\",\"@graph\":[{\"@type\":\"WebPage\",\"@id\":\"https:\/\/helkasor.hu\/termek\/helka-celebration-ale-2025-033\/\",\"url\":\"https:\/\/helkasor.hu\/termek\/helka-celebration-ale-2025-033\/\",\"name\":\"Helka Celebration Ale 0,33 - 2025 - Helka s\u00f6rf\u0151zde\",\"isPartOf\":{\"@id\":\"https:\/\/helkasor.hu\/#website\"},\"primaryImageOfPage\":{\"@id\":\"https:\/\/helkasor.hu\/termek\/helka-celebration-ale-2025-033\/#primaryimage\"},\"image\":{\"@id\":\"https:\/\/helkasor.hu\/termek\/helka-celebration-ale-2025-033\/#primaryimage\"},\"thumbnailUrl\":\"https:\/\/helkasor.hu\/wp-content\/uploads\/2025\/11\/3.jpg\",\"datePublished\":\"2025-11-17T13:45:47+00:00\",\"dateModified\":\"2025-12-08T08:34:26+00:00\",\"breadcrumb\":{\"@id\":\"https:\/\/helkasor.hu\/termek\/helka-celebration-ale-2025-033\/#breadcrumb\"},\"inLanguage\":\"en-GB\",\"potentialAction\":[{\"@type\":\"ReadAction\",\"target\":[\"https:\/\/helkasor.hu\/termek\/helka-celebration-ale-2025-033\/\"]}]},{\"@type\":\"ImageObject\",\"inLanguage\":\"en-GB\",\"@id\":\"https:\/\/helkasor.hu\/termek\/helka-celebration-ale-2025-033\/#primaryimage\",\"url\":\"https:\/\/helkasor.hu\/wp-content\/uploads\/2025\/11\/3.jpg\",\"contentUrl\":\"https:\/\/helkasor.hu\/wp-content\/uploads\/2025\/11\/3.jpg\",\"width\":1237,\"height\":1750},{\"@type\":\"BreadcrumbList\",\"@id\":\"https:\/\/helkasor.hu\/termek\/helka-celebration-ale-2025-033\/#breadcrumb\",\"itemListElement\":[{\"@type\":\"ListItem\",\"position\":1,\"name\":\"Kezd\u0151lap\",\"item\":\"https:\/\/helkasor.hu\/\"},{\"@type\":\"ListItem\",\"position\":2,\"name\":\"\u00dczlet\",\"item\":\"https:\/\/helkasor.hu\/uzlet\/\"},{\"@type\":\"ListItem\",\"position\":3,\"name\":\"Helka Celebration Ale 0,33 &#8211; 2025\"}]},{\"@type\":\"WebSite\",\"@id\":\"https:\/\/helkasor.hu\/#website\",\"url\":\"https:\/\/helkasor.hu\/\",\"name\":\"Helka S\u00f6rf\u0151zde\",\"description\":\"Kis\u00fczemi s\u00f6r a Balaton k\u00f6r\u00fcl\",\"publisher\":{\"@id\":\"https:\/\/helkasor.hu\/#organization\"},\"potentialAction\":[{\"@type\":\"SearchAction\",\"target\":{\"@type\":\"EntryPoint\",\"urlTemplate\":\"https:\/\/helkasor.hu\/?s={search_term_string}\"},\"query-input\":\"required name=search_term_string\"}],\"inLanguage\":\"en-GB\"},{\"@type\":\"Organization\",\"@id\":\"https:\/\/helkasor.hu\/#organization\",\"name\":\"Helka s\u00f6rf\u0151zde\",\"url\":\"https:\/\/helkasor.hu\/\",\"logo\":{\"@type\":\"ImageObject\",\"inLanguage\":\"en-GB\",\"@id\":\"https:\/\/helkasor.hu\/#\/schema\/logo\/image\/\",\"url\":\"https:\/\/helkasor.hu\/wp-content\/uploads\/2022\/05\/Helka-sorfozde-logo-kek.svg\",\"contentUrl\":\"https:\/\/helkasor.hu\/wp-content\/uploads\/2022\/05\/Helka-sorfozde-logo-kek.svg\",\"width\":1,\"height\":1,\"caption\":\"Helka s\u00f6rf\u0151zde\"},\"image\":{\"@id\":\"https:\/\/helkasor.hu\/#\/schema\/logo\/image\/\"},\"sameAs\":[\"https:\/\/www.facebook.com\/helkasorfozde\",\"https:\/\/www.instagram.com\/helkabrewery\/\"]}]}<\/script>\n<!-- \/ Yoast SEO plugin. -->","yoast_head_json":{"title":"Helka Celebration Ale 0,33 - 2025 - Helka s\u00f6rf\u0151zde","robots":{"index":"index","follow":"follow","max-snippet":"max-snippet:-1","max-image-preview":"max-image-preview:large","max-video-preview":"max-video-preview:-1"},"canonical":"https:\/\/helkasor.hu\/en\/product\/helka-celebration-ale-2025-033\/","og_locale":"en_GB","og_type":"article","og_title":"Helka Celebration Ale 0,33 - 2025 - Helka s\u00f6rf\u0151zde","og_description":"Ez a f\u00e9lbarna, 8%-os Belga Strong Ale t\u00edpus\u00fa kar\u00e1csonyi s\u00f6r\u00fcnk sz\u0171retlen, gazdagon mal\u00e1t\u00e1zott, \u00e9s finoman f\u0171szeres karaktert kapott a forral\u00e1s v\u00e9g\u00e9n hozz\u00e1adott koriander magnak \u00e9s \u00e9des narancsh\u00e9jnak k\u00f6sz\u00f6nhet\u0151en. A telt test, a gy\u00fcm\u00f6lcs\u00f6s-f\u0171szeres illatok \u00e9s a meleg\u00edt\u0151 alkohol t\u00f6k\u00e9letes harm\u00f3ni\u00e1t alkotnak \u2014 a hideg t\u00e9li est\u00e9k ide\u00e1lis k\u00eds\u00e9r\u0151je.","og_url":"https:\/\/helkasor.hu\/en\/product\/helka-celebration-ale-2025-033\/","og_site_name":"Helka s\u00f6rf\u0151zde","article_publisher":"https:\/\/www.facebook.com\/helkasorfozde","article_modified_time":"2025-12-08T08:34:26+00:00","og_image":[{"width":1237,"height":1750,"url":"https:\/\/helkasor.hu\/wp-content\/uploads\/2025\/11\/3.jpg","type":"image\/jpeg"}],"twitter_card":"summary_large_image","twitter_misc":{"Estimated reading time":"1 minute"},"schema":{"@context":"https:\/\/schema.org","@graph":[{"@type":"WebPage","@id":"https:\/\/helkasor.hu\/termek\/helka-celebration-ale-2025-033\/","url":"https:\/\/helkasor.hu\/termek\/helka-celebration-ale-2025-033\/","name":"Helka Celebration Ale 0,33 - 2025 - Helka s\u00f6rf\u0151zde","isPartOf":{"@id":"https:\/\/helkasor.hu\/#website"},"primaryImageOfPage":{"@id":"https:\/\/helkasor.hu\/termek\/helka-celebration-ale-2025-033\/#primaryimage"},"image":{"@id":"https:\/\/helkasor.hu\/termek\/helka-celebration-ale-2025-033\/#primaryimage"},"thumbnailUrl":"https:\/\/helkasor.hu\/wp-content\/uploads\/2025\/11\/3.jpg","datePublished":"2025-11-17T13:45:47+00:00","dateModified":"2025-12-08T08:34:26+00:00","breadcrumb":{"@id":"https:\/\/helkasor.hu\/termek\/helka-celebration-ale-2025-033\/#breadcrumb"},"inLanguage":"en-GB","potentialAction":[{"@type":"ReadAction","target":["https:\/\/helkasor.hu\/termek\/helka-celebration-ale-2025-033\/"]}]},{"@type":"ImageObject","inLanguage":"en-GB","@id":"https:\/\/helkasor.hu\/termek\/helka-celebration-ale-2025-033\/#primaryimage","url":"https:\/\/helkasor.hu\/wp-content\/uploads\/2025\/11\/3.jpg","contentUrl":"https:\/\/helkasor.hu\/wp-content\/uploads\/2025\/11\/3.jpg","width":1237,"height":1750},{"@type":"BreadcrumbList","@id":"https:\/\/helkasor.hu\/termek\/helka-celebration-ale-2025-033\/#breadcrumb","itemListElement":[{"@type":"ListItem","position":1,"name":"Kezd\u0151lap","item":"https:\/\/helkasor.hu\/"},{"@type":"ListItem","position":2,"name":"\u00dczlet","item":"https:\/\/helkasor.hu\/uzlet\/"},{"@type":"ListItem","position":3,"name":"Helka Celebration Ale 0,33 &#8211; 2025"}]},{"@type":"WebSite","@id":"https:\/\/helkasor.hu\/#website","url":"https:\/\/helkasor.hu\/","name":"Helka S\u00f6rf\u0151zde","description":"Kis\u00fczemi s\u00f6r a Balaton k\u00f6r\u00fcl","publisher":{"@id":"https:\/\/helkasor.hu\/#organization"},"potentialAction":[{"@type":"SearchAction","target":{"@type":"EntryPoint","urlTemplate":"https:\/\/helkasor.hu\/?s={search_term_string}"},"query-input":"required name=search_term_string"}],"inLanguage":"en-GB"},{"@type":"Organization","@id":"https:\/\/helkasor.hu\/#organization","name":"Helka brewery","url":"https:\/\/helkasor.hu\/","logo":{"@type":"ImageObject","inLanguage":"en-GB","@id":"https:\/\/helkasor.hu\/#\/schema\/logo\/image\/","url":"https:\/\/helkasor.hu\/wp-content\/uploads\/2022\/05\/Helka-sorfozde-logo-kek.svg","contentUrl":"https:\/\/helkasor.hu\/wp-content\/uploads\/2022\/05\/Helka-sorfozde-logo-kek.svg","width":1,"height":1,"caption":"Helka s\u00f6rf\u0151zde"},"image":{"@id":"https:\/\/helkasor.hu\/#\/schema\/logo\/image\/"},"sameAs":["https:\/\/www.facebook.com\/helkasorfozde","https:\/\/www.instagram.com\/helkabrewery\/"]}]}},"_links":{"self":[{"href":"https:\/\/helkasor.hu\/en\/wp-json\/wp\/v2\/product\/1695"}],"collection":[{"href":"https:\/\/helkasor.hu\/en\/wp-json\/wp\/v2\/product"}],"about":[{"href":"https:\/\/helkasor.hu\/en\/wp-json\/wp\/v2\/types\/product"}],"replies":[{"embeddable":true,"href":"https:\/\/helkasor.hu\/en\/wp-json\/wp\/v2\/comments?post=1695"}],"wp:featuredmedia":[{"embeddable":true,"href":"https:\/\/helkasor.hu\/en\/wp-json\/wp\/v2\/media\/1697"}],"wp:attachment":[{"href":"https:\/\/helkasor.hu\/en\/wp-json\/wp\/v2\/media?parent=1695"}],"wp:term":[{"taxonomy":"product_cat","embeddable":true,"href":"https:\/\/helkasor.hu\/en\/wp-json\/wp\/v2\/product_cat?post=1695"},{"taxonomy":"product_tag","embeddable":true,"href":"https:\/\/helkasor.hu\/en\/wp-json\/wp\/v2\/product_tag?post=1695"}],"curies":[{"name":"wp","href":"https:\/\/api.w.org\/{rel}","templated":true}]}}