{"id":1732,"date":"2025-11-30T16:38:06","date_gmt":"2025-11-30T14:38:06","guid":{"rendered":"https:\/\/helkasor.hu\/?post_type=product&#038;p=1732"},"modified":"2026-03-04T11:23:51","modified_gmt":"2026-03-04T09:23:51","slug":"balatoni-nyar-csomag","status":"publish","type":"product","link":"https:\/\/helkasor.hu\/en\/product\/balatoni-nyar-csomag\/","title":{"rendered":"Balatoni ny\u00e1r csomag"},"content":{"rendered":"<p>Mit tal\u00e1lsz a csomagban?<\/p>\n<p>Sajka \u2013 meggyes s\u00f6r: friss, gy\u00fcm\u00f6lcs\u00f6s \u00e9s k\u00f6nnyed, igazi ny\u00e1rias hangulattal.<\/p>\n<p>Zam\u00e1rdi \u2013 Helles: letisztult, klasszikus lager st\u00edlusban, harmonikus, selymes kortyokkal.<\/p>\n<p>Kleine Fische \u2013 bajor b\u00faza: kr\u00e9mes, l\u00e1gy \u00e9s gy\u00fcm\u00f6lcs\u00f6s \u2013 a bajor b\u00faz\u00e1k esszenci\u00e1ja.<\/p>\n<p>A Balatoni ny\u00e1r csomag t\u00f6k\u00e9letes bel\u00e9p\u0151 a f\u0151zde vil\u00e1g\u00e1ba, vagy egy \u00fajabb l\u00e9p\u00e9s a kedvenceid fel\u00e9. Vidd haza, k\u00f3stold v\u00e9gig, \u00e9s tal\u00e1ld meg a saj\u00e1t Helka Balaton-\u00e9lm\u00e9nyed!<\/p>","protected":false},"excerpt":{"rendered":"<p>Mit tal\u00e1lsz a csomagban? Sajka \u2013 meggyes s\u00f6r: friss, gy\u00fcm\u00f6lcs\u00f6s \u00e9s k\u00f6nnyed, igazi ny\u00e1rias hangulattal. Zam\u00e1rdi \u2013 Helles: letisztult, klasszikus lager st\u00edlusban, harmonikus, selymes kortyokkal. Kleine Fische \u2013 bajor b\u00faza: kr\u00e9mes, l\u00e1gy \u00e9s gy\u00fcm\u00f6lcs\u00f6s \u2013 a bajor b\u00faz\u00e1k esszenci\u00e1ja. A Balatoni ny\u00e1r csomag t\u00f6k\u00e9letes bel\u00e9p\u0151 a f\u0151zde vil\u00e1g\u00e1ba, vagy egy \u00fajabb l\u00e9p\u00e9s a kedvenceid fel\u00e9. [&hellip;]<\/p>","protected":false},"featured_media":1726,"comment_status":"open","ping_status":"closed","template":"","meta":[],"product_cat":[22],"product_tag":[],"yoast_head":"<!-- This site is optimized with the Yoast SEO plugin v22.9 - https:\/\/yoast.com\/wordpress\/plugins\/seo\/ -->\n<title>Balatoni ny\u00e1r csomag - Helka s\u00f6rf\u0151zde<\/title>\n<meta name=\"robots\" content=\"index, follow, max-snippet:-1, max-image-preview:large, max-video-preview:-1\" \/>\n<link rel=\"canonical\" href=\"https:\/\/helkasor.hu\/en\/product\/balatoni-nyar-csomag\/\" \/>\n<meta property=\"og:locale\" content=\"en_GB\" \/>\n<meta property=\"og:type\" content=\"article\" \/>\n<meta property=\"og:title\" content=\"Balatoni ny\u00e1r csomag - Helka s\u00f6rf\u0151zde\" \/>\n<meta property=\"og:description\" content=\"Mit tal\u00e1lsz a csomagban? Sajka \u2013 meggyes s\u00f6r: friss, gy\u00fcm\u00f6lcs\u00f6s \u00e9s k\u00f6nnyed, igazi ny\u00e1rias hangulattal. Zam\u00e1rdi \u2013 Helles: letisztult, klasszikus lager st\u00edlusban, harmonikus, selymes kortyokkal. Kleine Fische \u2013 bajor b\u00faza: kr\u00e9mes, l\u00e1gy \u00e9s gy\u00fcm\u00f6lcs\u00f6s \u2013 a bajor b\u00faz\u00e1k esszenci\u00e1ja. A Balatoni ny\u00e1r csomag t\u00f6k\u00e9letes bel\u00e9p\u0151 a f\u0151zde vil\u00e1g\u00e1ba, vagy egy \u00fajabb l\u00e9p\u00e9s a kedvenceid fel\u00e9. [&hellip;]\" \/>\n<meta property=\"og:url\" content=\"https:\/\/helkasor.hu\/en\/product\/balatoni-nyar-csomag\/\" \/>\n<meta property=\"og:site_name\" content=\"Helka s\u00f6rf\u0151zde\" \/>\n<meta property=\"article:publisher\" content=\"https:\/\/www.facebook.com\/helkasorfozde\" \/>\n<meta property=\"article:modified_time\" content=\"2026-03-04T09:23:51+00:00\" \/>\n<meta property=\"og:image\" content=\"https:\/\/helkasor.hu\/wp-content\/uploads\/2025\/11\/Pesthy-Marton-PES_4618-20251126-scaled.jpg\" \/>\n\t<meta property=\"og:image:width\" content=\"1707\" \/>\n\t<meta property=\"og:image:height\" content=\"2560\" \/>\n\t<meta property=\"og:image:type\" content=\"image\/jpeg\" \/>\n<meta name=\"twitter:card\" content=\"summary_large_image\" \/>\n<meta name=\"twitter:label1\" content=\"Estimated reading time\" \/>\n\t<meta name=\"twitter:data1\" content=\"1 minute\" \/>\n<script type=\"application\/ld+json\" class=\"yoast-schema-graph\">{\"@context\":\"https:\/\/schema.org\",\"@graph\":[{\"@type\":\"WebPage\",\"@id\":\"https:\/\/helkasor.hu\/termek\/balatoni-nyar-csomag\/\",\"url\":\"https:\/\/helkasor.hu\/termek\/balatoni-nyar-csomag\/\",\"name\":\"Balatoni ny\u00e1r csomag - Helka s\u00f6rf\u0151zde\",\"isPartOf\":{\"@id\":\"https:\/\/helkasor.hu\/#website\"},\"primaryImageOfPage\":{\"@id\":\"https:\/\/helkasor.hu\/termek\/balatoni-nyar-csomag\/#primaryimage\"},\"image\":{\"@id\":\"https:\/\/helkasor.hu\/termek\/balatoni-nyar-csomag\/#primaryimage\"},\"thumbnailUrl\":\"https:\/\/helkasor.hu\/wp-content\/uploads\/2025\/11\/Pesthy-Marton-PES_4618-20251126-scaled.jpg\",\"datePublished\":\"2025-11-30T14:38:06+00:00\",\"dateModified\":\"2026-03-04T09:23:51+00:00\",\"breadcrumb\":{\"@id\":\"https:\/\/helkasor.hu\/termek\/balatoni-nyar-csomag\/#breadcrumb\"},\"inLanguage\":\"en-GB\",\"potentialAction\":[{\"@type\":\"ReadAction\",\"target\":[\"https:\/\/helkasor.hu\/termek\/balatoni-nyar-csomag\/\"]}]},{\"@type\":\"ImageObject\",\"inLanguage\":\"en-GB\",\"@id\":\"https:\/\/helkasor.hu\/termek\/balatoni-nyar-csomag\/#primaryimage\",\"url\":\"https:\/\/helkasor.hu\/wp-content\/uploads\/2025\/11\/Pesthy-Marton-PES_4618-20251126-scaled.jpg\",\"contentUrl\":\"https:\/\/helkasor.hu\/wp-content\/uploads\/2025\/11\/Pesthy-Marton-PES_4618-20251126-scaled.jpg\",\"width\":1707,\"height\":2560},{\"@type\":\"BreadcrumbList\",\"@id\":\"https:\/\/helkasor.hu\/termek\/balatoni-nyar-csomag\/#breadcrumb\",\"itemListElement\":[{\"@type\":\"ListItem\",\"position\":1,\"name\":\"Kezd\u0151lap\",\"item\":\"https:\/\/helkasor.hu\/\"},{\"@type\":\"ListItem\",\"position\":2,\"name\":\"\u00dczlet\",\"item\":\"https:\/\/helkasor.hu\/uzlet\/\"},{\"@type\":\"ListItem\",\"position\":3,\"name\":\"Balatoni ny\u00e1r csomag\"}]},{\"@type\":\"WebSite\",\"@id\":\"https:\/\/helkasor.hu\/#website\",\"url\":\"https:\/\/helkasor.hu\/\",\"name\":\"Helka S\u00f6rf\u0151zde\",\"description\":\"Kis\u00fczemi s\u00f6r a Balaton k\u00f6r\u00fcl\",\"publisher\":{\"@id\":\"https:\/\/helkasor.hu\/#organization\"},\"potentialAction\":[{\"@type\":\"SearchAction\",\"target\":{\"@type\":\"EntryPoint\",\"urlTemplate\":\"https:\/\/helkasor.hu\/?s={search_term_string}\"},\"query-input\":\"required name=search_term_string\"}],\"inLanguage\":\"en-GB\"},{\"@type\":\"Organization\",\"@id\":\"https:\/\/helkasor.hu\/#organization\",\"name\":\"Helka s\u00f6rf\u0151zde\",\"url\":\"https:\/\/helkasor.hu\/\",\"logo\":{\"@type\":\"ImageObject\",\"inLanguage\":\"en-GB\",\"@id\":\"https:\/\/helkasor.hu\/#\/schema\/logo\/image\/\",\"url\":\"https:\/\/helkasor.hu\/wp-content\/uploads\/2022\/05\/Helka-sorfozde-logo-kek.svg\",\"contentUrl\":\"https:\/\/helkasor.hu\/wp-content\/uploads\/2022\/05\/Helka-sorfozde-logo-kek.svg\",\"width\":1,\"height\":1,\"caption\":\"Helka s\u00f6rf\u0151zde\"},\"image\":{\"@id\":\"https:\/\/helkasor.hu\/#\/schema\/logo\/image\/\"},\"sameAs\":[\"https:\/\/www.facebook.com\/helkasorfozde\",\"https:\/\/www.instagram.com\/helkabrewery\/\"]}]}<\/script>\n<!-- \/ Yoast SEO plugin. -->","yoast_head_json":{"title":"Balatoni ny\u00e1r csomag - Helka s\u00f6rf\u0151zde","robots":{"index":"index","follow":"follow","max-snippet":"max-snippet:-1","max-image-preview":"max-image-preview:large","max-video-preview":"max-video-preview:-1"},"canonical":"https:\/\/helkasor.hu\/en\/product\/balatoni-nyar-csomag\/","og_locale":"en_GB","og_type":"article","og_title":"Balatoni ny\u00e1r csomag - Helka s\u00f6rf\u0151zde","og_description":"Mit tal\u00e1lsz a csomagban? Sajka \u2013 meggyes s\u00f6r: friss, gy\u00fcm\u00f6lcs\u00f6s \u00e9s k\u00f6nnyed, igazi ny\u00e1rias hangulattal. Zam\u00e1rdi \u2013 Helles: letisztult, klasszikus lager st\u00edlusban, harmonikus, selymes kortyokkal. Kleine Fische \u2013 bajor b\u00faza: kr\u00e9mes, l\u00e1gy \u00e9s gy\u00fcm\u00f6lcs\u00f6s \u2013 a bajor b\u00faz\u00e1k esszenci\u00e1ja. A Balatoni ny\u00e1r csomag t\u00f6k\u00e9letes bel\u00e9p\u0151 a f\u0151zde vil\u00e1g\u00e1ba, vagy egy \u00fajabb l\u00e9p\u00e9s a kedvenceid fel\u00e9. [&hellip;]","og_url":"https:\/\/helkasor.hu\/en\/product\/balatoni-nyar-csomag\/","og_site_name":"Helka s\u00f6rf\u0151zde","article_publisher":"https:\/\/www.facebook.com\/helkasorfozde","article_modified_time":"2026-03-04T09:23:51+00:00","og_image":[{"width":1707,"height":2560,"url":"https:\/\/helkasor.hu\/wp-content\/uploads\/2025\/11\/Pesthy-Marton-PES_4618-20251126-scaled.jpg","type":"image\/jpeg"}],"twitter_card":"summary_large_image","twitter_misc":{"Estimated reading time":"1 minute"},"schema":{"@context":"https:\/\/schema.org","@graph":[{"@type":"WebPage","@id":"https:\/\/helkasor.hu\/termek\/balatoni-nyar-csomag\/","url":"https:\/\/helkasor.hu\/termek\/balatoni-nyar-csomag\/","name":"Balatoni ny\u00e1r csomag - Helka s\u00f6rf\u0151zde","isPartOf":{"@id":"https:\/\/helkasor.hu\/#website"},"primaryImageOfPage":{"@id":"https:\/\/helkasor.hu\/termek\/balatoni-nyar-csomag\/#primaryimage"},"image":{"@id":"https:\/\/helkasor.hu\/termek\/balatoni-nyar-csomag\/#primaryimage"},"thumbnailUrl":"https:\/\/helkasor.hu\/wp-content\/uploads\/2025\/11\/Pesthy-Marton-PES_4618-20251126-scaled.jpg","datePublished":"2025-11-30T14:38:06+00:00","dateModified":"2026-03-04T09:23:51+00:00","breadcrumb":{"@id":"https:\/\/helkasor.hu\/termek\/balatoni-nyar-csomag\/#breadcrumb"},"inLanguage":"en-GB","potentialAction":[{"@type":"ReadAction","target":["https:\/\/helkasor.hu\/termek\/balatoni-nyar-csomag\/"]}]},{"@type":"ImageObject","inLanguage":"en-GB","@id":"https:\/\/helkasor.hu\/termek\/balatoni-nyar-csomag\/#primaryimage","url":"https:\/\/helkasor.hu\/wp-content\/uploads\/2025\/11\/Pesthy-Marton-PES_4618-20251126-scaled.jpg","contentUrl":"https:\/\/helkasor.hu\/wp-content\/uploads\/2025\/11\/Pesthy-Marton-PES_4618-20251126-scaled.jpg","width":1707,"height":2560},{"@type":"BreadcrumbList","@id":"https:\/\/helkasor.hu\/termek\/balatoni-nyar-csomag\/#breadcrumb","itemListElement":[{"@type":"ListItem","position":1,"name":"Kezd\u0151lap","item":"https:\/\/helkasor.hu\/"},{"@type":"ListItem","position":2,"name":"\u00dczlet","item":"https:\/\/helkasor.hu\/uzlet\/"},{"@type":"ListItem","position":3,"name":"Balatoni ny\u00e1r csomag"}]},{"@type":"WebSite","@id":"https:\/\/helkasor.hu\/#website","url":"https:\/\/helkasor.hu\/","name":"Helka S\u00f6rf\u0151zde","description":"Kis\u00fczemi s\u00f6r a Balaton k\u00f6r\u00fcl","publisher":{"@id":"https:\/\/helkasor.hu\/#organization"},"potentialAction":[{"@type":"SearchAction","target":{"@type":"EntryPoint","urlTemplate":"https:\/\/helkasor.hu\/?s={search_term_string}"},"query-input":"required name=search_term_string"}],"inLanguage":"en-GB"},{"@type":"Organization","@id":"https:\/\/helkasor.hu\/#organization","name":"Helka brewery","url":"https:\/\/helkasor.hu\/","logo":{"@type":"ImageObject","inLanguage":"en-GB","@id":"https:\/\/helkasor.hu\/#\/schema\/logo\/image\/","url":"https:\/\/helkasor.hu\/wp-content\/uploads\/2022\/05\/Helka-sorfozde-logo-kek.svg","contentUrl":"https:\/\/helkasor.hu\/wp-content\/uploads\/2022\/05\/Helka-sorfozde-logo-kek.svg","width":1,"height":1,"caption":"Helka s\u00f6rf\u0151zde"},"image":{"@id":"https:\/\/helkasor.hu\/#\/schema\/logo\/image\/"},"sameAs":["https:\/\/www.facebook.com\/helkasorfozde","https:\/\/www.instagram.com\/helkabrewery\/"]}]}},"_links":{"self":[{"href":"https:\/\/helkasor.hu\/en\/wp-json\/wp\/v2\/product\/1732"}],"collection":[{"href":"https:\/\/helkasor.hu\/en\/wp-json\/wp\/v2\/product"}],"about":[{"href":"https:\/\/helkasor.hu\/en\/wp-json\/wp\/v2\/types\/product"}],"replies":[{"embeddable":true,"href":"https:\/\/helkasor.hu\/en\/wp-json\/wp\/v2\/comments?post=1732"}],"wp:featuredmedia":[{"embeddable":true,"href":"https:\/\/helkasor.hu\/en\/wp-json\/wp\/v2\/media\/1726"}],"wp:attachment":[{"href":"https:\/\/helkasor.hu\/en\/wp-json\/wp\/v2\/media?parent=1732"}],"wp:term":[{"taxonomy":"product_cat","embeddable":true,"href":"https:\/\/helkasor.hu\/en\/wp-json\/wp\/v2\/product_cat?post=1732"},{"taxonomy":"product_tag","embeddable":true,"href":"https:\/\/helkasor.hu\/en\/wp-json\/wp\/v2\/product_tag?post=1732"}],"curies":[{"name":"wp","href":"https:\/\/api.w.org\/{rel}","templated":true}]}}