{"id":1957,"date":"2026-04-14T12:48:00","date_gmt":"2026-04-14T10:48:00","guid":{"rendered":"https:\/\/helkasor.hu\/?post_type=product&#038;p=1957"},"modified":"2026-04-14T12:48:02","modified_gmt":"2026-04-14T10:48:02","slug":"koroshegyi-levendulas-belga-buza-03dl","status":"publish","type":"product","link":"https:\/\/helkasor.hu\/en\/product\/koroshegyi-levendulas-belga-buza-03dl\/","title":{"rendered":"K\u0151r\u00f6shegyi Levendul\u00e1s Belga B\u00faza 0,3dl"},"content":{"rendered":"<p>A s\u00f6r megalkot\u00e1sakor az volt a c\u00e9lunk, hogy oly m\u00f3don haszn\u00e1ljuk fel a levendul\u00e1t, hogy meghat\u00e1rozza annak karakter\u00e9t, de m\u00e9gis meg tudjon maradni egy k\u00f6z\u00e9rthet\u0151, k\u00f6nnyen fogyaszthat\u00f3 italnak. Ennek \u00e9rdek\u00e9ben olyan s\u00f6r t\u00edpust v\u00e1lasztottunk amelyben egyens\u00falyba tud ker\u00fclni a levendula f\u0171szeress\u00e9ge a s\u00f6r friss\u00edt\u0151 karakter\u00e9vel. Ehhez t\u00f6k\u00e9letes v\u00e1laszt\u00e1s a belga b\u00faza s\u00f6r, hiszen a st\u00edlusra jellemz\u0151 narancsnak \u00e9s a koriandernek k\u00f6sz\u00f6nhet\u0151 citrusos \u00edzvil\u00e1ghoz t\u00f6k\u00e9letesen illik a levendula karakteres illata \u00e9s \u00edze, l\u00e9tre hozva ezzel egy t\u00f6k\u00e9letes egyens\u00falyt melyben testet \u00f6lt a s\u00f6rf\u0151z\u0151 mesterek kreativit\u00e1sa \u00e9s a hely esszenci\u00e1ja<\/p>","protected":false},"excerpt":{"rendered":"<p><span class=\"html-span xexx8yu xyri2b x18d9i69 x1c1uobl x1hl2dhg x16tdsg8 x1vvkbs x3nfvp2 x1j61x8r x1fcty0u xdj266r xat24cr xm2jcoa x1mpyi22 xxymvpz xlup9mm x1kky2od\"><img decoding=\"async\" class=\"xz74otr x15mokao x1ga7v0g x16uus16 xbiv7yw\" src=\"https:\/\/static.xx.fbcdn.net\/images\/emoji.php\/v9\/t96\/1\/16\/1f49c.png\" alt=\"\ud83d\udc9c\" width=\"16\" height=\"16\" \/><\/span> K\u0151r\u00f6shegyi Levendul\u00e1s x Helka <span class=\"html-span xexx8yu xyri2b x18d9i69 x1c1uobl x1hl2dhg x16tdsg8 x1vvkbs x3nfvp2 x1j61x8r x1fcty0u xdj266r xat24cr xm2jcoa x1mpyi22 xxymvpz xlup9mm x1kky2od\"><img decoding=\"async\" class=\"xz74otr x15mokao x1ga7v0g x16uus16 xbiv7yw\" src=\"https:\/\/static.xx.fbcdn.net\/images\/emoji.php\/v9\/t38\/1\/16\/1f34a.png\" alt=\"\ud83c\udf4a\" width=\"16\" height=\"16\" \/><\/span> narancs + koriander <span class=\"html-span xexx8yu xyri2b x18d9i69 x1c1uobl x1hl2dhg x16tdsg8 x1vvkbs x3nfvp2 x1j61x8r x1fcty0u xdj266r xat24cr xm2jcoa x1mpyi22 xxymvpz xlup9mm x1kky2od\"><img decoding=\"async\" class=\"xz74otr x15mokao x1ga7v0g x16uus16 xbiv7yw\" src=\"https:\/\/static.xx.fbcdn.net\/images\/emoji.php\/v9\/t1e\/1\/16\/1f33f.png\" alt=\"\ud83c\udf3f\" width=\"16\" height=\"16\" \/><\/span> egy kis levendul\u00e1s csavar K\u00f6nnyed, illatos, kicsit m\u00e1s, pont, amit\u0151l eml\u00e9kezetes lesz.<\/p>","protected":false},"featured_media":1959,"comment_status":"open","ping_status":"closed","template":"","meta":[],"product_cat":[16],"product_tag":[],"yoast_head":"<!-- This site is optimized with the Yoast SEO plugin v22.9 - https:\/\/yoast.com\/wordpress\/plugins\/seo\/ -->\n<title>K\u0151r\u00f6shegyi Levendul\u00e1s Belga B\u00faza 0,3dl - Helka s\u00f6rf\u0151zde<\/title>\n<meta name=\"robots\" content=\"index, follow, max-snippet:-1, max-image-preview:large, max-video-preview:-1\" \/>\n<link rel=\"canonical\" href=\"https:\/\/helkasor.hu\/en\/product\/koroshegyi-levendulas-belga-buza-03dl\/\" \/>\n<meta property=\"og:locale\" content=\"en_GB\" \/>\n<meta property=\"og:type\" content=\"article\" \/>\n<meta property=\"og:title\" content=\"K\u0151r\u00f6shegyi Levendul\u00e1s Belga B\u00faza 0,3dl - Helka s\u00f6rf\u0151zde\" \/>\n<meta property=\"og:description\" content=\"K\u0151r\u00f6shegyi Levendul\u00e1s x Helka narancs + koriander egy kis levendul\u00e1s csavar K\u00f6nnyed, illatos, kicsit m\u00e1s, pont, amit\u0151l eml\u00e9kezetes lesz.\" \/>\n<meta property=\"og:url\" content=\"https:\/\/helkasor.hu\/en\/product\/koroshegyi-levendulas-belga-buza-03dl\/\" \/>\n<meta property=\"og:site_name\" content=\"Helka s\u00f6rf\u0151zde\" \/>\n<meta property=\"article:publisher\" content=\"https:\/\/www.facebook.com\/helkasorfozde\" \/>\n<meta property=\"article:modified_time\" content=\"2026-04-14T10:48:02+00:00\" \/>\n<meta property=\"og:image\" content=\"https:\/\/helkasor.hu\/wp-content\/uploads\/2026\/04\/levendulas-kreativ-768x1024.png\" \/>\n\t<meta property=\"og:image:width\" content=\"768\" \/>\n\t<meta property=\"og:image:height\" content=\"1024\" \/>\n\t<meta property=\"og:image:type\" content=\"image\/png\" \/>\n<meta name=\"twitter:card\" content=\"summary_large_image\" \/>\n<meta name=\"twitter:label1\" content=\"Estimated reading time\" \/>\n\t<meta name=\"twitter:data1\" content=\"1 minute\" \/>\n<script type=\"application\/ld+json\" class=\"yoast-schema-graph\">{\"@context\":\"https:\/\/schema.org\",\"@graph\":[{\"@type\":\"WebPage\",\"@id\":\"https:\/\/helkasor.hu\/termek\/koroshegyi-levendulas-belga-buza-03dl\/\",\"url\":\"https:\/\/helkasor.hu\/termek\/koroshegyi-levendulas-belga-buza-03dl\/\",\"name\":\"K\u0151r\u00f6shegyi Levendul\u00e1s Belga B\u00faza 0,3dl - Helka s\u00f6rf\u0151zde\",\"isPartOf\":{\"@id\":\"https:\/\/helkasor.hu\/#website\"},\"primaryImageOfPage\":{\"@id\":\"https:\/\/helkasor.hu\/termek\/koroshegyi-levendulas-belga-buza-03dl\/#primaryimage\"},\"image\":{\"@id\":\"https:\/\/helkasor.hu\/termek\/koroshegyi-levendulas-belga-buza-03dl\/#primaryimage\"},\"thumbnailUrl\":\"https:\/\/helkasor.hu\/wp-content\/uploads\/2026\/04\/levendulas-kreativ.png\",\"datePublished\":\"2026-04-14T10:48:00+00:00\",\"dateModified\":\"2026-04-14T10:48:02+00:00\",\"breadcrumb\":{\"@id\":\"https:\/\/helkasor.hu\/termek\/koroshegyi-levendulas-belga-buza-03dl\/#breadcrumb\"},\"inLanguage\":\"en-GB\",\"potentialAction\":[{\"@type\":\"ReadAction\",\"target\":[\"https:\/\/helkasor.hu\/termek\/koroshegyi-levendulas-belga-buza-03dl\/\"]}]},{\"@type\":\"ImageObject\",\"inLanguage\":\"en-GB\",\"@id\":\"https:\/\/helkasor.hu\/termek\/koroshegyi-levendulas-belga-buza-03dl\/#primaryimage\",\"url\":\"https:\/\/helkasor.hu\/wp-content\/uploads\/2026\/04\/levendulas-kreativ.png\",\"contentUrl\":\"https:\/\/helkasor.hu\/wp-content\/uploads\/2026\/04\/levendulas-kreativ.png\",\"width\":1086,\"height\":1448},{\"@type\":\"BreadcrumbList\",\"@id\":\"https:\/\/helkasor.hu\/termek\/koroshegyi-levendulas-belga-buza-03dl\/#breadcrumb\",\"itemListElement\":[{\"@type\":\"ListItem\",\"position\":1,\"name\":\"Kezd\u0151lap\",\"item\":\"https:\/\/helkasor.hu\/\"},{\"@type\":\"ListItem\",\"position\":2,\"name\":\"\u00dczlet\",\"item\":\"https:\/\/helkasor.hu\/uzlet\/\"},{\"@type\":\"ListItem\",\"position\":3,\"name\":\"K\u0151r\u00f6shegyi Levendul\u00e1s Belga B\u00faza 0,3dl\"}]},{\"@type\":\"WebSite\",\"@id\":\"https:\/\/helkasor.hu\/#website\",\"url\":\"https:\/\/helkasor.hu\/\",\"name\":\"Helka S\u00f6rf\u0151zde\",\"description\":\"Kis\u00fczemi s\u00f6r a Balaton k\u00f6r\u00fcl\",\"publisher\":{\"@id\":\"https:\/\/helkasor.hu\/#organization\"},\"potentialAction\":[{\"@type\":\"SearchAction\",\"target\":{\"@type\":\"EntryPoint\",\"urlTemplate\":\"https:\/\/helkasor.hu\/?s={search_term_string}\"},\"query-input\":\"required name=search_term_string\"}],\"inLanguage\":\"en-GB\"},{\"@type\":\"Organization\",\"@id\":\"https:\/\/helkasor.hu\/#organization\",\"name\":\"Helka s\u00f6rf\u0151zde\",\"url\":\"https:\/\/helkasor.hu\/\",\"logo\":{\"@type\":\"ImageObject\",\"inLanguage\":\"en-GB\",\"@id\":\"https:\/\/helkasor.hu\/#\/schema\/logo\/image\/\",\"url\":\"https:\/\/helkasor.hu\/wp-content\/uploads\/2022\/05\/Helka-sorfozde-logo-kek.svg\",\"contentUrl\":\"https:\/\/helkasor.hu\/wp-content\/uploads\/2022\/05\/Helka-sorfozde-logo-kek.svg\",\"width\":1,\"height\":1,\"caption\":\"Helka s\u00f6rf\u0151zde\"},\"image\":{\"@id\":\"https:\/\/helkasor.hu\/#\/schema\/logo\/image\/\"},\"sameAs\":[\"https:\/\/www.facebook.com\/helkasorfozde\",\"https:\/\/www.instagram.com\/helkabrewery\/\"]}]}<\/script>\n<!-- \/ Yoast SEO plugin. -->","yoast_head_json":{"title":"K\u0151r\u00f6shegyi Levendul\u00e1s Belga B\u00faza 0,3dl - Helka s\u00f6rf\u0151zde","robots":{"index":"index","follow":"follow","max-snippet":"max-snippet:-1","max-image-preview":"max-image-preview:large","max-video-preview":"max-video-preview:-1"},"canonical":"https:\/\/helkasor.hu\/en\/product\/koroshegyi-levendulas-belga-buza-03dl\/","og_locale":"en_GB","og_type":"article","og_title":"K\u0151r\u00f6shegyi Levendul\u00e1s Belga B\u00faza 0,3dl - Helka s\u00f6rf\u0151zde","og_description":"K\u0151r\u00f6shegyi Levendul\u00e1s x Helka narancs + koriander egy kis levendul\u00e1s csavar K\u00f6nnyed, illatos, kicsit m\u00e1s, pont, amit\u0151l eml\u00e9kezetes lesz.","og_url":"https:\/\/helkasor.hu\/en\/product\/koroshegyi-levendulas-belga-buza-03dl\/","og_site_name":"Helka s\u00f6rf\u0151zde","article_publisher":"https:\/\/www.facebook.com\/helkasorfozde","article_modified_time":"2026-04-14T10:48:02+00:00","og_image":[{"width":768,"height":1024,"url":"https:\/\/helkasor.hu\/wp-content\/uploads\/2026\/04\/levendulas-kreativ-768x1024.png","type":"image\/png"}],"twitter_card":"summary_large_image","twitter_misc":{"Estimated reading time":"1 minute"},"schema":{"@context":"https:\/\/schema.org","@graph":[{"@type":"WebPage","@id":"https:\/\/helkasor.hu\/termek\/koroshegyi-levendulas-belga-buza-03dl\/","url":"https:\/\/helkasor.hu\/termek\/koroshegyi-levendulas-belga-buza-03dl\/","name":"K\u0151r\u00f6shegyi Levendul\u00e1s Belga B\u00faza 0,3dl - Helka s\u00f6rf\u0151zde","isPartOf":{"@id":"https:\/\/helkasor.hu\/#website"},"primaryImageOfPage":{"@id":"https:\/\/helkasor.hu\/termek\/koroshegyi-levendulas-belga-buza-03dl\/#primaryimage"},"image":{"@id":"https:\/\/helkasor.hu\/termek\/koroshegyi-levendulas-belga-buza-03dl\/#primaryimage"},"thumbnailUrl":"https:\/\/helkasor.hu\/wp-content\/uploads\/2026\/04\/levendulas-kreativ.png","datePublished":"2026-04-14T10:48:00+00:00","dateModified":"2026-04-14T10:48:02+00:00","breadcrumb":{"@id":"https:\/\/helkasor.hu\/termek\/koroshegyi-levendulas-belga-buza-03dl\/#breadcrumb"},"inLanguage":"en-GB","potentialAction":[{"@type":"ReadAction","target":["https:\/\/helkasor.hu\/termek\/koroshegyi-levendulas-belga-buza-03dl\/"]}]},{"@type":"ImageObject","inLanguage":"en-GB","@id":"https:\/\/helkasor.hu\/termek\/koroshegyi-levendulas-belga-buza-03dl\/#primaryimage","url":"https:\/\/helkasor.hu\/wp-content\/uploads\/2026\/04\/levendulas-kreativ.png","contentUrl":"https:\/\/helkasor.hu\/wp-content\/uploads\/2026\/04\/levendulas-kreativ.png","width":1086,"height":1448},{"@type":"BreadcrumbList","@id":"https:\/\/helkasor.hu\/termek\/koroshegyi-levendulas-belga-buza-03dl\/#breadcrumb","itemListElement":[{"@type":"ListItem","position":1,"name":"Kezd\u0151lap","item":"https:\/\/helkasor.hu\/"},{"@type":"ListItem","position":2,"name":"\u00dczlet","item":"https:\/\/helkasor.hu\/uzlet\/"},{"@type":"ListItem","position":3,"name":"K\u0151r\u00f6shegyi Levendul\u00e1s Belga B\u00faza 0,3dl"}]},{"@type":"WebSite","@id":"https:\/\/helkasor.hu\/#website","url":"https:\/\/helkasor.hu\/","name":"Helka S\u00f6rf\u0151zde","description":"Kis\u00fczemi s\u00f6r a Balaton k\u00f6r\u00fcl","publisher":{"@id":"https:\/\/helkasor.hu\/#organization"},"potentialAction":[{"@type":"SearchAction","target":{"@type":"EntryPoint","urlTemplate":"https:\/\/helkasor.hu\/?s={search_term_string}"},"query-input":"required name=search_term_string"}],"inLanguage":"en-GB"},{"@type":"Organization","@id":"https:\/\/helkasor.hu\/#organization","name":"Helka brewery","url":"https:\/\/helkasor.hu\/","logo":{"@type":"ImageObject","inLanguage":"en-GB","@id":"https:\/\/helkasor.hu\/#\/schema\/logo\/image\/","url":"https:\/\/helkasor.hu\/wp-content\/uploads\/2022\/05\/Helka-sorfozde-logo-kek.svg","contentUrl":"https:\/\/helkasor.hu\/wp-content\/uploads\/2022\/05\/Helka-sorfozde-logo-kek.svg","width":1,"height":1,"caption":"Helka s\u00f6rf\u0151zde"},"image":{"@id":"https:\/\/helkasor.hu\/#\/schema\/logo\/image\/"},"sameAs":["https:\/\/www.facebook.com\/helkasorfozde","https:\/\/www.instagram.com\/helkabrewery\/"]}]}},"_links":{"self":[{"href":"https:\/\/helkasor.hu\/en\/wp-json\/wp\/v2\/product\/1957"}],"collection":[{"href":"https:\/\/helkasor.hu\/en\/wp-json\/wp\/v2\/product"}],"about":[{"href":"https:\/\/helkasor.hu\/en\/wp-json\/wp\/v2\/types\/product"}],"replies":[{"embeddable":true,"href":"https:\/\/helkasor.hu\/en\/wp-json\/wp\/v2\/comments?post=1957"}],"wp:featuredmedia":[{"embeddable":true,"href":"https:\/\/helkasor.hu\/en\/wp-json\/wp\/v2\/media\/1959"}],"wp:attachment":[{"href":"https:\/\/helkasor.hu\/en\/wp-json\/wp\/v2\/media?parent=1957"}],"wp:term":[{"taxonomy":"product_cat","embeddable":true,"href":"https:\/\/helkasor.hu\/en\/wp-json\/wp\/v2\/product_cat?post=1957"},{"taxonomy":"product_tag","embeddable":true,"href":"https:\/\/helkasor.hu\/en\/wp-json\/wp\/v2\/product_tag?post=1957"}],"curies":[{"name":"wp","href":"https:\/\/api.w.org\/{rel}","templated":true}]}}